{"id":1309,"date":"2023-05-19T15:52:36","date_gmt":"2023-05-19T19:52:36","guid":{"rendered":"https:\/\/kng-01.eproofs.ca\/?page_id=1309"},"modified":"2023-06-07T15:04:02","modified_gmt":"2023-06-07T19:04:02","slug":"restez-en-contact","status":"publish","type":"page","link":"https:\/\/osinttraining.net\/fr\/restez-en-contact\/","title":{"rendered":"Restez en contact"},"content":{"rendered":"","protected":false},"excerpt":{"rendered":"","protected":false},"author":1,"featured_media":0,"parent":0,"menu_order":0,"comment_status":"closed","ping_status":"closed","template":"","meta":{"_acf_changed":false,"content-type":"","inline_featured_image":false,"footnotes":""},"class_list":["post-1309","page","type-page","status-publish","hentry"],"acf":[],"yoast_head":"<!-- This site is optimized with the Yoast SEO plugin v27.0 - https:\/\/yoast.com\/product\/yoast-seo-wordpress\/ -->\n<title>Restez en contact - KeyNorth Group - Cours de renseignements de sources ouvertes<\/title>\n<meta name=\"description\" content=\"Restez au courant de toutes les actualit\u00e9s OSINT. Inscrivez-vous \u00e0 notre infolettre gratuite!\" \/>\n<meta name=\"robots\" content=\"index, follow, max-snippet:-1, max-image-preview:large, max-video-preview:-1\" \/>\n<link rel=\"canonical\" href=\"https:\/\/osinttraining.net\/fr\/restez-en-contact\/\" \/>\n<meta property=\"og:locale\" content=\"fr_FR\" \/>\n<meta property=\"og:type\" content=\"article\" \/>\n<meta property=\"og:title\" content=\"Restez en contact - KeyNorth Group - Cours de renseignements de sources ouvertes\" \/>\n<meta property=\"og:description\" content=\"Restez au courant de toutes les actualit\u00e9s OSINT. Inscrivez-vous \u00e0 notre infolettre gratuite!\" \/>\n<meta property=\"og:url\" content=\"https:\/\/osinttraining.net\/fr\/restez-en-contact\/\" \/>\n<meta property=\"og:site_name\" content=\"KeyNorth Group - Cours de renseignements de sources ouvertes\" \/>\n<meta property=\"article:modified_time\" content=\"2023-06-07T19:04:02+00:00\" \/>\n<meta name=\"twitter:card\" content=\"summary_large_image\" \/>\n<meta name=\"twitter:site\" content=\"@Key_North\" \/>\n<script type=\"application\/ld+json\" class=\"yoast-schema-graph\">{\"@context\":\"https:\/\/schema.org\",\"@graph\":[{\"@type\":\"WebPage\",\"@id\":\"https:\/\/osinttraining.net\/fr\/restez-en-contact\/\",\"url\":\"https:\/\/osinttraining.net\/fr\/restez-en-contact\/\",\"name\":\"Restez en contact - KeyNorth Group - Cours de renseignements de sources ouvertes\",\"isPartOf\":{\"@id\":\"https:\/\/osinttraining.net\/#website\"},\"datePublished\":\"2023-05-19T19:52:36+00:00\",\"dateModified\":\"2023-06-07T19:04:02+00:00\",\"description\":\"Restez au courant de toutes les actualit\u00e9s OSINT. Inscrivez-vous \u00e0 notre infolettre gratuite!\",\"breadcrumb\":{\"@id\":\"https:\/\/osinttraining.net\/fr\/restez-en-contact\/#breadcrumb\"},\"inLanguage\":\"fr-FR\",\"potentialAction\":[{\"@type\":\"ReadAction\",\"target\":[\"https:\/\/osinttraining.net\/fr\/restez-en-contact\/\"]}]},{\"@type\":\"BreadcrumbList\",\"@id\":\"https:\/\/osinttraining.net\/fr\/restez-en-contact\/#breadcrumb\",\"itemListElement\":[{\"@type\":\"ListItem\",\"position\":1,\"name\":\"Home\",\"item\":\"https:\/\/osinttraining.net\/fr\/\"},{\"@type\":\"ListItem\",\"position\":2,\"name\":\"Restez en contact\"}]},{\"@type\":\"WebSite\",\"@id\":\"https:\/\/osinttraining.net\/#website\",\"url\":\"https:\/\/osinttraining.net\/\",\"name\":\"KeyNorth Group - Cours de renseignements de sources ouvertes\",\"description\":\"Optimisez votre \u00e9quipe et d\u00e9veloppez votre carri\u00e8re.\",\"publisher\":{\"@id\":\"https:\/\/osinttraining.net\/#organization\"},\"potentialAction\":[{\"@type\":\"SearchAction\",\"target\":{\"@type\":\"EntryPoint\",\"urlTemplate\":\"https:\/\/osinttraining.net\/?s={search_term_string}\"},\"query-input\":{\"@type\":\"PropertyValueSpecification\",\"valueRequired\":true,\"valueName\":\"search_term_string\"}}],\"inLanguage\":\"fr-FR\"},{\"@type\":\"Organization\",\"@id\":\"https:\/\/osinttraining.net\/#organization\",\"name\":\"KeyNorth Group - Cours de renseignements de sources ouvertes\",\"url\":\"https:\/\/osinttraining.net\/\",\"logo\":{\"@type\":\"ImageObject\",\"inLanguage\":\"fr-FR\",\"@id\":\"https:\/\/osinttraining.net\/#\/schema\/logo\/image\/\",\"url\":\"https:\/\/osinttraining.net\/wp-content\/uploads\/2023\/05\/logo.png\",\"contentUrl\":\"https:\/\/osinttraining.net\/wp-content\/uploads\/2023\/05\/logo.png\",\"width\":174,\"height\":38,\"caption\":\"KeyNorth Group - Cours de renseignements de sources ouvertes\"},\"image\":{\"@id\":\"https:\/\/osinttraining.net\/#\/schema\/logo\/image\/\"},\"sameAs\":[\"https:\/\/x.com\/Key_North\",\"https:\/\/www.linkedin.com\/company\/keynorth-professional-services-group-inc-\/\"]}]}<\/script>\n<!-- \/ Yoast SEO plugin. -->","yoast_head_json":{"title":"Restez en contact - KeyNorth Group - Cours de renseignements de sources ouvertes","description":"Restez au courant de toutes les actualit\u00e9s OSINT. Inscrivez-vous \u00e0 notre infolettre gratuite!","robots":{"index":"index","follow":"follow","max-snippet":"max-snippet:-1","max-image-preview":"max-image-preview:large","max-video-preview":"max-video-preview:-1"},"canonical":"https:\/\/osinttraining.net\/fr\/restez-en-contact\/","og_locale":"fr_FR","og_type":"article","og_title":"Restez en contact - KeyNorth Group - Cours de renseignements de sources ouvertes","og_description":"Restez au courant de toutes les actualit\u00e9s OSINT. Inscrivez-vous \u00e0 notre infolettre gratuite!","og_url":"https:\/\/osinttraining.net\/fr\/restez-en-contact\/","og_site_name":"KeyNorth Group - Cours de renseignements de sources ouvertes","article_modified_time":"2023-06-07T19:04:02+00:00","twitter_card":"summary_large_image","twitter_site":"@Key_North","schema":{"@context":"https:\/\/schema.org","@graph":[{"@type":"WebPage","@id":"https:\/\/osinttraining.net\/fr\/restez-en-contact\/","url":"https:\/\/osinttraining.net\/fr\/restez-en-contact\/","name":"Restez en contact - KeyNorth Group - Cours de renseignements de sources ouvertes","isPartOf":{"@id":"https:\/\/osinttraining.net\/#website"},"datePublished":"2023-05-19T19:52:36+00:00","dateModified":"2023-06-07T19:04:02+00:00","description":"Restez au courant de toutes les actualit\u00e9s OSINT. Inscrivez-vous \u00e0 notre infolettre gratuite!","breadcrumb":{"@id":"https:\/\/osinttraining.net\/fr\/restez-en-contact\/#breadcrumb"},"inLanguage":"fr-FR","potentialAction":[{"@type":"ReadAction","target":["https:\/\/osinttraining.net\/fr\/restez-en-contact\/"]}]},{"@type":"BreadcrumbList","@id":"https:\/\/osinttraining.net\/fr\/restez-en-contact\/#breadcrumb","itemListElement":[{"@type":"ListItem","position":1,"name":"Home","item":"https:\/\/osinttraining.net\/fr\/"},{"@type":"ListItem","position":2,"name":"Restez en contact"}]},{"@type":"WebSite","@id":"https:\/\/osinttraining.net\/#website","url":"https:\/\/osinttraining.net\/","name":"KeyNorth Group - Cours de renseignements de sources ouvertes","description":"Optimisez votre \u00e9quipe et d\u00e9veloppez votre carri\u00e8re.","publisher":{"@id":"https:\/\/osinttraining.net\/#organization"},"potentialAction":[{"@type":"SearchAction","target":{"@type":"EntryPoint","urlTemplate":"https:\/\/osinttraining.net\/?s={search_term_string}"},"query-input":{"@type":"PropertyValueSpecification","valueRequired":true,"valueName":"search_term_string"}}],"inLanguage":"fr-FR"},{"@type":"Organization","@id":"https:\/\/osinttraining.net\/#organization","name":"KeyNorth Group - Cours de renseignements de sources ouvertes","url":"https:\/\/osinttraining.net\/","logo":{"@type":"ImageObject","inLanguage":"fr-FR","@id":"https:\/\/osinttraining.net\/#\/schema\/logo\/image\/","url":"https:\/\/osinttraining.net\/wp-content\/uploads\/2023\/05\/logo.png","contentUrl":"https:\/\/osinttraining.net\/wp-content\/uploads\/2023\/05\/logo.png","width":174,"height":38,"caption":"KeyNorth Group - Cours de renseignements de sources ouvertes"},"image":{"@id":"https:\/\/osinttraining.net\/#\/schema\/logo\/image\/"},"sameAs":["https:\/\/x.com\/Key_North","https:\/\/www.linkedin.com\/company\/keynorth-professional-services-group-inc-\/"]}]}},"_links":{"self":[{"href":"https:\/\/osinttraining.net\/fr\/wp-json\/wp\/v2\/pages\/1309","targetHints":{"allow":["GET"]}}],"collection":[{"href":"https:\/\/osinttraining.net\/fr\/wp-json\/wp\/v2\/pages"}],"about":[{"href":"https:\/\/osinttraining.net\/fr\/wp-json\/wp\/v2\/types\/page"}],"author":[{"embeddable":true,"href":"https:\/\/osinttraining.net\/fr\/wp-json\/wp\/v2\/users\/1"}],"replies":[{"embeddable":true,"href":"https:\/\/osinttraining.net\/fr\/wp-json\/wp\/v2\/comments?post=1309"}],"version-history":[{"count":3,"href":"https:\/\/osinttraining.net\/fr\/wp-json\/wp\/v2\/pages\/1309\/revisions"}],"predecessor-version":[{"id":1378,"href":"https:\/\/osinttraining.net\/fr\/wp-json\/wp\/v2\/pages\/1309\/revisions\/1378"}],"wp:attachment":[{"href":"https:\/\/osinttraining.net\/fr\/wp-json\/wp\/v2\/media?parent=1309"}],"curies":[{"name":"wp","href":"https:\/\/api.w.org\/{rel}","templated":true}]}}