{"id":1291,"date":"2023-05-23T10:07:10","date_gmt":"2023-05-23T14:07:10","guid":{"rendered":"https:\/\/kng-01.eproofs.ca\/news\/"},"modified":"2023-06-07T14:50:54","modified_gmt":"2023-06-07T18:50:54","slug":"actualites","status":"publish","type":"page","link":"https:\/\/osinttraining.net\/fr\/actualites\/","title":{"rendered":"Actualit\u00e9s"},"content":{"rendered":"\n<div class=\"wp-block-group alignfull\"><div class=\"wp-block-group__inner-container is-layout-constrained wp-block-group-is-layout-constrained\">  \r\n\r\n\t<div id=\"card-grid-block_73a5389cc43caca316dbfdd04007e54b\" class=\"card-grid  alignwide card-grid-block_73a5389cc43caca316dbfdd04007e54b design-flat direction-column images-photo alignment-left col-3 icon- pt-post\">\r\n\r\n\t\t\t\t\t\r\n\t\t\t\t\t\t\t<a class=\"card  design-flat direction-column images-photo alignment-left col-3 icon- pt-post\" href=\"https:\/\/osinttraining.net\/fr\/blog\/recrutement-en-cours-representante-des-services-a-la-communaute-et-a-la-clientele\/\">\r\n\t\t\t\r\n\t\t\t\t\t\t\t\t\t<div class=\"image-wrap\">\r\n\t\t\t\t\t\t<div class=\"image\">\r\n\t\t\t\t\t\t\t<img loading=\"lazy\" decoding=\"async\" width=\"1024\" height=\"994\" src=\"https:\/\/osinttraining.net\/wp-content\/uploads\/2025\/11\/Logo-1-1024x994.png\" class=\"attachment-large size-large wp-post-image\" alt=\"\" srcset=\"https:\/\/osinttraining.net\/wp-content\/uploads\/2025\/11\/Logo-1-1024x994.png 1024w, https:\/\/osinttraining.net\/wp-content\/uploads\/2025\/11\/Logo-1-300x291.png 300w, https:\/\/osinttraining.net\/wp-content\/uploads\/2025\/11\/Logo-1.png 1065w\" sizes=\"auto, (max-width: 1024px) 100vw, 1024px\" \/>\t\t\t\t\t\t<\/div>\r\n\t\t\t\t\t<\/div>\r\n\t\t\t\t\r\n\t\t\t\t<div class=\"card-content\">\r\n\r\n\t\t\t\t\t\t\t\t\t\t\t<div class=\"meta-info\">\r\n\t\t\t\t\t\t\t<span class=\"posttype\">Actualit\u00e9s<\/span><span class=\"date\">novembre 17, 2025<\/span>\t\t\t\t\t\t<\/div>\r\n\t\t\t\t\t\r\n\t\t\t\t\t\t\t\t\t\t\r\n\t\t\t\t\t\t\t\t\t\t\t\t\t<div class=\"title h5\">\r\n\t\t\t\t\t\t\t\tRecrutement en cours : Repr\u00e9sentant(e) des services \u00e0 la communaut\u00e9 et \u00e0 la client\u00e8le\t\t\t\t\t\t\t<\/div>\r\n\t\t\t\t\t\t\r\n\t\t\t\t\t\r\n\t\t\t\t\t\t\t\t\t\t\t<div class=\"description\">\r\n\t\t\t\t\t\t\tLe KeyNorth Group recrute actuellement un repr\u00e9sentant des services \u00e0 la communaut\u00e9 et \u00e0 la client\u00e8le afin de garantir \u00e0 nos clients et \u00e0 nos apprenants le service de qualit\u00e9 sup\u00e9rieure qu&rsquo;ils attendent de notre entreprise. \t\t\t\t\t\t<\/div>\r\n\t\t\t\t\t\r\n\t\t\t\t\t\t\t\t\t\t\t<div class=\"read-more\">\r\n\t\t\t\t\t\t\tEn savoir plus <svg width=\"15\" height=\"14\" viewBox=\"0 0 15 14\" fill=\"none\" xmlns=\"http:\/\/www.w3.org\/2000\/svg\">\r\n<path fill-rule=\"evenodd\" clip-rule=\"evenodd\" d=\"M1.08341 7.91667H11.3226L7.76591 11.4733C7.40841 11.8308 7.40841 12.4175 7.76591 12.775C8.12341 13.1325 8.70091 13.1325 9.05841 12.775L14.1826 7.65084C14.5401 7.29334 14.5401 6.71584 14.1826 6.35834L9.06758 1.225C8.71008 0.867504 8.13258 0.867504 7.77508 1.225C7.41758 1.5825 7.41758 2.16 7.77508 2.5175L11.3226 6.08334H1.08341C0.579248 6.08334 0.166748 6.49584 0.166748 7C0.166748 7.50417 0.579248 7.91667 1.08341 7.91667Z\" fill=\"white\"\/>\r\n<\/svg>\r\n\t\t\t\t\t\t<\/div>\r\n\t\t\t\t\t\r\n\t\t\t\t<\/div>\r\n\r\n\t\t\t\t\t\t\t<\/a>\r\n\t\t\t\t\t\t\r\n\t\t\t\t\t\r\n\t\t\t\t\t\t\t<a class=\"card  design-flat direction-column images-photo alignment-left col-3 icon- pt-post\" href=\"https:\/\/osinttraining.net\/fr\/blog\/quelle-experience-incroyable-lors-de-cybercon-2025\/\">\r\n\t\t\t\r\n\t\t\t\t\t\t\t\t\t<div class=\"image-wrap\">\r\n\t\t\t\t\t\t<div class=\"image\">\r\n\t\t\t\t\t\t\t<img loading=\"lazy\" decoding=\"async\" width=\"771\" height=\"1024\" src=\"https:\/\/osinttraining.net\/wp-content\/uploads\/2025\/11\/CyberCon-1-2-771x1024.jpg\" class=\"attachment-large size-large wp-post-image\" alt=\"\" srcset=\"https:\/\/osinttraining.net\/wp-content\/uploads\/2025\/11\/CyberCon-1-2-771x1024.jpg 771w, https:\/\/osinttraining.net\/wp-content\/uploads\/2025\/11\/CyberCon-1-2-226x300.jpg 226w, https:\/\/osinttraining.net\/wp-content\/uploads\/2025\/11\/CyberCon-1-2-scaled.jpg 1446w\" sizes=\"auto, (max-width: 771px) 100vw, 771px\" \/>\t\t\t\t\t\t<\/div>\r\n\t\t\t\t\t<\/div>\r\n\t\t\t\t\r\n\t\t\t\t<div class=\"card-content\">\r\n\r\n\t\t\t\t\t\t\t\t\t\t\t<div class=\"meta-info\">\r\n\t\t\t\t\t\t\t<span class=\"posttype\">Actualit\u00e9s<\/span><span class=\"date\">novembre 14, 2025<\/span>\t\t\t\t\t\t<\/div>\r\n\t\t\t\t\t\r\n\t\t\t\t\t\t\t\t\t\t\r\n\t\t\t\t\t\t\t\t\t\t\t\t\t<div class=\"title h5\">\r\n\t\t\t\t\t\t\t\tQuelle exp\u00e9rience incroyable lors de CyberCon 2025 !\t\t\t\t\t\t\t<\/div>\r\n\t\t\t\t\t\t\r\n\t\t\t\t\t\r\n\t\t\t\t\t\t\t\t\t\t\t<div class=\"description\">\r\n\t\t\t\t\t\t\tLe KeyNorth Group a \u00e9t\u00e9 tr\u00e8s honor\u00e9 de participer \u00e0 CyberCon 2025, organis\u00e9 par l&rsquo;Association des chefs de police de la Colombie-Britannique.\t\t\t\t\t\t<\/div>\r\n\t\t\t\t\t\r\n\t\t\t\t\t\t\t\t\t\t\t<div class=\"read-more\">\r\n\t\t\t\t\t\t\tEn savoir plus <svg width=\"15\" height=\"14\" viewBox=\"0 0 15 14\" fill=\"none\" xmlns=\"http:\/\/www.w3.org\/2000\/svg\">\r\n<path fill-rule=\"evenodd\" clip-rule=\"evenodd\" d=\"M1.08341 7.91667H11.3226L7.76591 11.4733C7.40841 11.8308 7.40841 12.4175 7.76591 12.775C8.12341 13.1325 8.70091 13.1325 9.05841 12.775L14.1826 7.65084C14.5401 7.29334 14.5401 6.71584 14.1826 6.35834L9.06758 1.225C8.71008 0.867504 8.13258 0.867504 7.77508 1.225C7.41758 1.5825 7.41758 2.16 7.77508 2.5175L11.3226 6.08334H1.08341C0.579248 6.08334 0.166748 6.49584 0.166748 7C0.166748 7.50417 0.579248 7.91667 1.08341 7.91667Z\" fill=\"white\"\/>\r\n<\/svg>\r\n\t\t\t\t\t\t<\/div>\r\n\t\t\t\t\t\r\n\t\t\t\t<\/div>\r\n\r\n\t\t\t\t\t\t\t<\/a>\r\n\t\t\t\t\t\t\r\n\t\t\t\t\t\r\n\t\t\t\t\t\t\t<a class=\"card  design-flat direction-column images-photo alignment-left col-3 icon- pt-post\" href=\"https:\/\/osinttraining.net\/fr\/blog\/les-webinaires-keynorth-group-comprendre-les-risques-en-matiere-de-securite-grace-a-losint\/\">\r\n\t\t\t\r\n\t\t\t\t\t\t\t\t\t<div class=\"image-wrap\">\r\n\t\t\t\t\t\t<div class=\"image\">\r\n\t\t\t\t\t\t\t<img loading=\"lazy\" decoding=\"async\" width=\"1024\" height=\"576\" src=\"https:\/\/osinttraining.net\/wp-content\/uploads\/2025\/03\/webinaire_Alicja_05_08_2025_French-1024x576.png\" class=\"attachment-large size-large wp-post-image\" alt=\"\" srcset=\"https:\/\/osinttraining.net\/wp-content\/uploads\/2025\/03\/webinaire_Alicja_05_08_2025_French-1024x576.png 1024w, https:\/\/osinttraining.net\/wp-content\/uploads\/2025\/03\/webinaire_Alicja_05_08_2025_French-300x169.png 300w, https:\/\/osinttraining.net\/wp-content\/uploads\/2025\/03\/webinaire_Alicja_05_08_2025_French.png 1920w\" sizes=\"auto, (max-width: 1024px) 100vw, 1024px\" \/>\t\t\t\t\t\t<\/div>\r\n\t\t\t\t\t<\/div>\r\n\t\t\t\t\r\n\t\t\t\t<div class=\"card-content\">\r\n\r\n\t\t\t\t\t\t\t\t\t\t\t<div class=\"meta-info\">\r\n\t\t\t\t\t\t\t<span class=\"posttype\">Actualit\u00e9s<\/span><span class=\"date\">mai 15, 2025<\/span>\t\t\t\t\t\t<\/div>\r\n\t\t\t\t\t\r\n\t\t\t\t\t\t\t\t\t\t\r\n\t\t\t\t\t\t\t\t\t\t\t\t\t<div class=\"title h5\">\r\n\t\t\t\t\t\t\t\tLes webinaires KeyNorth Group : Comprendre les risques en mati\u00e8re de s\u00e9curit\u00e9 gr\u00e2ce \u00e0 l\u2019OSINT\t\t\t\t\t\t\t<\/div>\r\n\t\t\t\t\t\t\r\n\t\t\t\t\t\r\n\t\t\t\t\t\t\t\t\t\t\t<div class=\"description\">\r\n\t\t\t\t\t\t\tLe 8 Mai 2025r, nous avons eu le plaisir d&rsquo;accueillir Alicja Paw\u0142owska pour un webinaire en anglais tr\u00e8s captivant et enrichissant : \u00ab Comprendre les risques de s\u00e9curit\u00e9 gr\u00e2ce \u00e0 l&rsquo;OSINT \u00bb.\t\t\t\t\t\t<\/div>\r\n\t\t\t\t\t\r\n\t\t\t\t\t\t\t\t\t\t\t<div class=\"read-more\">\r\n\t\t\t\t\t\t\tEn savoir plus <svg width=\"15\" height=\"14\" viewBox=\"0 0 15 14\" fill=\"none\" xmlns=\"http:\/\/www.w3.org\/2000\/svg\">\r\n<path fill-rule=\"evenodd\" clip-rule=\"evenodd\" d=\"M1.08341 7.91667H11.3226L7.76591 11.4733C7.40841 11.8308 7.40841 12.4175 7.76591 12.775C8.12341 13.1325 8.70091 13.1325 9.05841 12.775L14.1826 7.65084C14.5401 7.29334 14.5401 6.71584 14.1826 6.35834L9.06758 1.225C8.71008 0.867504 8.13258 0.867504 7.77508 1.225C7.41758 1.5825 7.41758 2.16 7.77508 2.5175L11.3226 6.08334H1.08341C0.579248 6.08334 0.166748 6.49584 0.166748 7C0.166748 7.50417 0.579248 7.91667 1.08341 7.91667Z\" fill=\"white\"\/>\r\n<\/svg>\r\n\t\t\t\t\t\t<\/div>\r\n\t\t\t\t\t\r\n\t\t\t\t<\/div>\r\n\r\n\t\t\t\t\t\t\t<\/a>\r\n\t\t\t\t\t\t\r\n\t\t\t\t\t\r\n\t\t\t\t\t\t\t<a class=\"card  design-flat direction-column images-photo alignment-left col-3 icon- pt-post\" href=\"https:\/\/osinttraining.net\/fr\/blog\/les-webinaires-keynorth-group-comprendre-et-manipuler-les-url-pour-des-enquetes-osint-plus-efficaces\/\">\r\n\t\t\t\r\n\t\t\t\t\t\t\t\t\t<div class=\"image-wrap\">\r\n\t\t\t\t\t\t<div class=\"image\">\r\n\t\t\t\t\t\t\t<img loading=\"lazy\" decoding=\"async\" width=\"1024\" height=\"576\" src=\"https:\/\/osinttraining.net\/wp-content\/uploads\/2025\/04\/URL-webinar-French-1024x576.png\" class=\"attachment-large size-large wp-post-image\" alt=\"\" srcset=\"https:\/\/osinttraining.net\/wp-content\/uploads\/2025\/04\/URL-webinar-French-1024x576.png 1024w, https:\/\/osinttraining.net\/wp-content\/uploads\/2025\/04\/URL-webinar-French-300x169.png 300w, https:\/\/osinttraining.net\/wp-content\/uploads\/2025\/04\/URL-webinar-French.png 1920w\" sizes=\"auto, (max-width: 1024px) 100vw, 1024px\" \/>\t\t\t\t\t\t<\/div>\r\n\t\t\t\t\t<\/div>\r\n\t\t\t\t\r\n\t\t\t\t<div class=\"card-content\">\r\n\r\n\t\t\t\t\t\t\t\t\t\t\t<div class=\"meta-info\">\r\n\t\t\t\t\t\t\t<span class=\"posttype\">Actualit\u00e9s<\/span><span class=\"date\">f\u00e9vrier 10, 2025<\/span>\t\t\t\t\t\t<\/div>\r\n\t\t\t\t\t\r\n\t\t\t\t\t\t\t\t\t\t\r\n\t\t\t\t\t\t\t\t\t\t\t\t\t<div class=\"title h5\">\r\n\t\t\t\t\t\t\t\tLes webinaires KeyNorth Group: Comprendre et manipuler les URL pour des enqu\u00eates OSINT plus efficaces\t\t\t\t\t\t\t<\/div>\r\n\t\t\t\t\t\t\r\n\t\t\t\t\t\r\n\t\t\t\t\t\t\t\t\t\t\t<div class=\"description\">\r\n\t\t\t\t\t\t\tLa semaine derni\u00e8re, nous avons eu une session enrichissante sur la structure des URL, la mani\u00e8re de les analyser, et leur r\u00f4le essentiel dans la d\u00e9couverte d\u2019informations pr\u00e9cieuses au cours d\u2019une enqu\u00eate.\t\t\t\t\t\t<\/div>\r\n\t\t\t\t\t\r\n\t\t\t\t\t\t\t\t\t\t\t<div class=\"read-more\">\r\n\t\t\t\t\t\t\tEn savoir plus <svg width=\"15\" height=\"14\" viewBox=\"0 0 15 14\" fill=\"none\" xmlns=\"http:\/\/www.w3.org\/2000\/svg\">\r\n<path fill-rule=\"evenodd\" clip-rule=\"evenodd\" d=\"M1.08341 7.91667H11.3226L7.76591 11.4733C7.40841 11.8308 7.40841 12.4175 7.76591 12.775C8.12341 13.1325 8.70091 13.1325 9.05841 12.775L14.1826 7.65084C14.5401 7.29334 14.5401 6.71584 14.1826 6.35834L9.06758 1.225C8.71008 0.867504 8.13258 0.867504 7.77508 1.225C7.41758 1.5825 7.41758 2.16 7.77508 2.5175L11.3226 6.08334H1.08341C0.579248 6.08334 0.166748 6.49584 0.166748 7C0.166748 7.50417 0.579248 7.91667 1.08341 7.91667Z\" fill=\"white\"\/>\r\n<\/svg>\r\n\t\t\t\t\t\t<\/div>\r\n\t\t\t\t\t\r\n\t\t\t\t<\/div>\r\n\r\n\t\t\t\t\t\t\t<\/a>\r\n\t\t\t\t\t\t\r\n\t\t\t\t\t\r\n\t\t\t\t\t\t\t<a class=\"card  design-flat direction-column images-photo alignment-left col-3 icon- pt-post\" href=\"https:\/\/osinttraining.net\/fr\/blog\/notre-directeur-general-chris-pierre-est-le-recipient-du-laureat-du-prix-dexaminateur-certifie-en-fraude-de-lannee-2024-acfe-ottawa\/\">\r\n\t\t\t\r\n\t\t\t\t\t\t\t\t\t<div class=\"image-wrap\">\r\n\t\t\t\t\t\t<div class=\"image\">\r\n\t\t\t\t\t\t\t<img loading=\"lazy\" decoding=\"async\" width=\"1024\" height=\"578\" src=\"https:\/\/osinttraining.net\/wp-content\/uploads\/2025\/01\/awards_Chris-1024x578.png\" class=\"attachment-large size-large wp-post-image\" alt=\"\" srcset=\"https:\/\/osinttraining.net\/wp-content\/uploads\/2025\/01\/awards_Chris-1024x578.png 1024w, https:\/\/osinttraining.net\/wp-content\/uploads\/2025\/01\/awards_Chris-300x169.png 300w, https:\/\/osinttraining.net\/wp-content\/uploads\/2025\/01\/awards_Chris.png 1912w\" sizes=\"auto, (max-width: 1024px) 100vw, 1024px\" \/>\t\t\t\t\t\t<\/div>\r\n\t\t\t\t\t<\/div>\r\n\t\t\t\t\r\n\t\t\t\t<div class=\"card-content\">\r\n\r\n\t\t\t\t\t\t\t\t\t\t\t<div class=\"meta-info\">\r\n\t\t\t\t\t\t\t<span class=\"posttype\">Actualit\u00e9s<\/span><span class=\"date\">janvier 29, 2025<\/span>\t\t\t\t\t\t<\/div>\r\n\t\t\t\t\t\r\n\t\t\t\t\t\t\t\t\t\t\r\n\t\t\t\t\t\t\t\t\t\t\t\t\t<div class=\"title h5\">\r\n\t\t\t\t\t\t\t\tNotre directeur g\u00e9n\u00e9ral, Chris Pierre est le r\u00e9cipient du Laur\u00e9at du prix d\u2019Examinateur Certifi\u00e9 en Fraude de l\u2019Ann\u00e9e 2024 \u2013 ACFE Ottawa\t\t\t\t\t\t\t<\/div>\r\n\t\t\t\t\t\t\r\n\t\t\t\t\t\r\n\t\t\t\t\t\t\t\t\t\t\t<div class=\"description\">\r\n\t\t\t\t\t\t\tL\u2019Association of Certified Fraud Examiners (ACFE) est la plus grande organisation mondiale d\u00e9di\u00e9e \u00e0 la lutte contre la fraude et un leader en mati\u00e8re de formation et d\u2019\u00e9ducation dans ce domaine. La branche d\u2019Ottawa soutient cette mission en offrant aux professionnels de la r\u00e9gion des formations sp\u00e9cialis\u00e9es et des ressources essentielles pour renforcer la lutte contre la fraude. Cette reconnaissance souligne un engagement exceptionnel envers la profession et la communaut\u00e9 des experts en fraude.\t\t\t\t\t\t<\/div>\r\n\t\t\t\t\t\r\n\t\t\t\t\t\t\t\t\t\t\t<div class=\"read-more\">\r\n\t\t\t\t\t\t\tEn savoir plus <svg width=\"15\" height=\"14\" viewBox=\"0 0 15 14\" fill=\"none\" xmlns=\"http:\/\/www.w3.org\/2000\/svg\">\r\n<path fill-rule=\"evenodd\" clip-rule=\"evenodd\" d=\"M1.08341 7.91667H11.3226L7.76591 11.4733C7.40841 11.8308 7.40841 12.4175 7.76591 12.775C8.12341 13.1325 8.70091 13.1325 9.05841 12.775L14.1826 7.65084C14.5401 7.29334 14.5401 6.71584 14.1826 6.35834L9.06758 1.225C8.71008 0.867504 8.13258 0.867504 7.77508 1.225C7.41758 1.5825 7.41758 2.16 7.77508 2.5175L11.3226 6.08334H1.08341C0.579248 6.08334 0.166748 6.49584 0.166748 7C0.166748 7.50417 0.579248 7.91667 1.08341 7.91667Z\" fill=\"white\"\/>\r\n<\/svg>\r\n\t\t\t\t\t\t<\/div>\r\n\t\t\t\t\t\r\n\t\t\t\t<\/div>\r\n\r\n\t\t\t\t\t\t\t<\/a>\r\n\t\t\t\t\t\t\r\n\t\t\t\t\t\r\n\t\t\t\t\t\t\t<a class=\"card  design-flat direction-column images-photo alignment-left col-3 icon- pt-post\" href=\"https:\/\/osinttraining.net\/fr\/blog\/nous-sommes-ravis-dannoncer-le-lancement-de-notre-cours-sur-lintelligence-artificielle-et-losint\/\">\r\n\t\t\t\r\n\t\t\t\t\t\t\t\t\t<div class=\"image-wrap\">\r\n\t\t\t\t\t\t<div class=\"image\">\r\n\t\t\t\t\t\t\t<img loading=\"lazy\" decoding=\"async\" width=\"1024\" height=\"578\" src=\"https:\/\/osinttraining.net\/wp-content\/uploads\/2025\/01\/OSINT-Advanced-Courses-AI-and-OSINT-_-social-media-3-1024x578.png\" class=\"attachment-large size-large wp-post-image\" alt=\"\" srcset=\"https:\/\/osinttraining.net\/wp-content\/uploads\/2025\/01\/OSINT-Advanced-Courses-AI-and-OSINT-_-social-media-3-1024x578.png 1024w, https:\/\/osinttraining.net\/wp-content\/uploads\/2025\/01\/OSINT-Advanced-Courses-AI-and-OSINT-_-social-media-3-300x169.png 300w, https:\/\/osinttraining.net\/wp-content\/uploads\/2025\/01\/OSINT-Advanced-Courses-AI-and-OSINT-_-social-media-3.png 1912w\" sizes=\"auto, (max-width: 1024px) 100vw, 1024px\" \/>\t\t\t\t\t\t<\/div>\r\n\t\t\t\t\t<\/div>\r\n\t\t\t\t\r\n\t\t\t\t<div class=\"card-content\">\r\n\r\n\t\t\t\t\t\t\t\t\t\t\t<div class=\"meta-info\">\r\n\t\t\t\t\t\t\t<span class=\"posttype\">Actualit\u00e9s<\/span><span class=\"date\">janvier 20, 2025<\/span>\t\t\t\t\t\t<\/div>\r\n\t\t\t\t\t\r\n\t\t\t\t\t\t\t\t\t\t\r\n\t\t\t\t\t\t\t\t\t\t\t\t\t<div class=\"title h5\">\r\n\t\t\t\t\t\t\t\tNous sommes ravis d&rsquo;annoncer le lancement de notre cours sur l&rsquo;intelligence artificielle et l&rsquo;OSINT !\t\t\t\t\t\t\t<\/div>\r\n\t\t\t\t\t\t\r\n\t\t\t\t\t\r\n\t\t\t\t\t\t\t\t\t\t\t<div class=\"description\">\r\n\t\t\t\t\t\t\tL\u2019intelligence artificielle r\u00e9volutionne la mani\u00e8re dont nous planifions les missions, collectons des donn\u00e9es et analysons des informations, offrant des opportunit\u00e9s sans pr\u00e9c\u00e9dent aux praticiens de l\u2019OSINT. Ne prenez pas de retard\u2014c\u2019est le moment id\u00e9al pour d\u00e9velopper de nouvelles comp\u00e9tences et renforcer l\u2019impact de votre travail !\t\t\t\t\t\t<\/div>\r\n\t\t\t\t\t\r\n\t\t\t\t\t\t\t\t\t\t\t<div class=\"read-more\">\r\n\t\t\t\t\t\t\tEn savoir plus <svg width=\"15\" height=\"14\" viewBox=\"0 0 15 14\" fill=\"none\" xmlns=\"http:\/\/www.w3.org\/2000\/svg\">\r\n<path fill-rule=\"evenodd\" clip-rule=\"evenodd\" d=\"M1.08341 7.91667H11.3226L7.76591 11.4733C7.40841 11.8308 7.40841 12.4175 7.76591 12.775C8.12341 13.1325 8.70091 13.1325 9.05841 12.775L14.1826 7.65084C14.5401 7.29334 14.5401 6.71584 14.1826 6.35834L9.06758 1.225C8.71008 0.867504 8.13258 0.867504 7.77508 1.225C7.41758 1.5825 7.41758 2.16 7.77508 2.5175L11.3226 6.08334H1.08341C0.579248 6.08334 0.166748 6.49584 0.166748 7C0.166748 7.50417 0.579248 7.91667 1.08341 7.91667Z\" fill=\"white\"\/>\r\n<\/svg>\r\n\t\t\t\t\t\t<\/div>\r\n\t\t\t\t\t\r\n\t\t\t\t<\/div>\r\n\r\n\t\t\t\t\t\t\t<\/a>\r\n\t\t\t\t\t\t\r\n\t\t\t\t\r\n\t<\/div>\r\n\r\n<\/div><\/div>\n","protected":false},"excerpt":{"rendered":"","protected":false},"author":1,"featured_media":0,"parent":0,"menu_order":0,"comment_status":"closed","ping_status":"closed","template":"","meta":{"_acf_changed":false,"content-type":"","inline_featured_image":false,"footnotes":""},"class_list":["post-1291","page","type-page","status-publish","hentry"],"acf":[],"yoast_head":"<!-- This site is optimized with the Yoast SEO plugin v27.0 - https:\/\/yoast.com\/product\/yoast-seo-wordpress\/ -->\n<title>Restez inform\u00e9 de la mani\u00e8re dont nous soutenons la profession OSINT<\/title>\n<meta name=\"description\" content=\"Dans cette section de notre site web, vous trouverez des informations sur notre pr\u00e9sence dans la communaut\u00e9, sur les \u00e9v\u00e9nements auxquels nous participons et sur la mani\u00e8re dont nous soutenons la profession OSINT. Si vous souhaitez en savoir plus sur ce que nous faisons, nous vous invitons \u00e0 nous suivre sur les m\u00e9dias sociaux\" \/>\n<meta name=\"robots\" content=\"index, follow, max-snippet:-1, max-image-preview:large, max-video-preview:-1\" \/>\n<link rel=\"canonical\" href=\"https:\/\/osinttraining.net\/fr\/actualites\/\" \/>\n<meta property=\"og:locale\" content=\"fr_FR\" \/>\n<meta property=\"og:type\" content=\"article\" \/>\n<meta property=\"og:title\" content=\"Restez inform\u00e9 de la mani\u00e8re dont nous soutenons la profession OSINT\" \/>\n<meta property=\"og:description\" content=\"Dans cette section de notre site web, vous trouverez des informations sur notre pr\u00e9sence dans la communaut\u00e9, sur les \u00e9v\u00e9nements auxquels nous participons et sur la mani\u00e8re dont nous soutenons la profession OSINT. Si vous souhaitez en savoir plus sur ce que nous faisons, nous vous invitons \u00e0 nous suivre sur les m\u00e9dias sociaux\" \/>\n<meta property=\"og:url\" content=\"https:\/\/osinttraining.net\/fr\/actualites\/\" \/>\n<meta property=\"og:site_name\" content=\"KeyNorth Group - Cours de renseignements de sources ouvertes\" \/>\n<meta property=\"article:modified_time\" content=\"2023-06-07T18:50:54+00:00\" \/>\n<meta name=\"twitter:card\" content=\"summary_large_image\" \/>\n<meta name=\"twitter:site\" content=\"@Key_North\" \/>\n<script type=\"application\/ld+json\" class=\"yoast-schema-graph\">{\"@context\":\"https:\/\/schema.org\",\"@graph\":[{\"@type\":\"WebPage\",\"@id\":\"https:\/\/osinttraining.net\/fr\/actualites\/\",\"url\":\"https:\/\/osinttraining.net\/fr\/actualites\/\",\"name\":\"Restez inform\u00e9 de la mani\u00e8re dont nous soutenons la profession OSINT\",\"isPartOf\":{\"@id\":\"https:\/\/osinttraining.net\/#website\"},\"datePublished\":\"2023-05-23T14:07:10+00:00\",\"dateModified\":\"2023-06-07T18:50:54+00:00\",\"description\":\"Dans cette section de notre site web, vous trouverez des informations sur notre pr\u00e9sence dans la communaut\u00e9, sur les \u00e9v\u00e9nements auxquels nous participons et sur la mani\u00e8re dont nous soutenons la profession OSINT. Si vous souhaitez en savoir plus sur ce que nous faisons, nous vous invitons \u00e0 nous suivre sur les m\u00e9dias sociaux\",\"breadcrumb\":{\"@id\":\"https:\/\/osinttraining.net\/fr\/actualites\/#breadcrumb\"},\"inLanguage\":\"fr-FR\",\"potentialAction\":[{\"@type\":\"ReadAction\",\"target\":[\"https:\/\/osinttraining.net\/fr\/actualites\/\"]}]},{\"@type\":\"BreadcrumbList\",\"@id\":\"https:\/\/osinttraining.net\/fr\/actualites\/#breadcrumb\",\"itemListElement\":[{\"@type\":\"ListItem\",\"position\":1,\"name\":\"Home\",\"item\":\"https:\/\/osinttraining.net\/fr\/\"},{\"@type\":\"ListItem\",\"position\":2,\"name\":\"Actualit\u00e9s\"}]},{\"@type\":\"WebSite\",\"@id\":\"https:\/\/osinttraining.net\/#website\",\"url\":\"https:\/\/osinttraining.net\/\",\"name\":\"KeyNorth Group - Cours de renseignements de sources ouvertes\",\"description\":\"Optimisez votre \u00e9quipe et d\u00e9veloppez votre carri\u00e8re.\",\"publisher\":{\"@id\":\"https:\/\/osinttraining.net\/#organization\"},\"potentialAction\":[{\"@type\":\"SearchAction\",\"target\":{\"@type\":\"EntryPoint\",\"urlTemplate\":\"https:\/\/osinttraining.net\/?s={search_term_string}\"},\"query-input\":{\"@type\":\"PropertyValueSpecification\",\"valueRequired\":true,\"valueName\":\"search_term_string\"}}],\"inLanguage\":\"fr-FR\"},{\"@type\":\"Organization\",\"@id\":\"https:\/\/osinttraining.net\/#organization\",\"name\":\"KeyNorth Group - Cours de renseignements de sources ouvertes\",\"url\":\"https:\/\/osinttraining.net\/\",\"logo\":{\"@type\":\"ImageObject\",\"inLanguage\":\"fr-FR\",\"@id\":\"https:\/\/osinttraining.net\/#\/schema\/logo\/image\/\",\"url\":\"https:\/\/osinttraining.net\/wp-content\/uploads\/2023\/05\/logo.png\",\"contentUrl\":\"https:\/\/osinttraining.net\/wp-content\/uploads\/2023\/05\/logo.png\",\"width\":174,\"height\":38,\"caption\":\"KeyNorth Group - Cours de renseignements de sources ouvertes\"},\"image\":{\"@id\":\"https:\/\/osinttraining.net\/#\/schema\/logo\/image\/\"},\"sameAs\":[\"https:\/\/x.com\/Key_North\",\"https:\/\/www.linkedin.com\/company\/keynorth-professional-services-group-inc-\/\"]}]}<\/script>\n<!-- \/ Yoast SEO plugin. -->","yoast_head_json":{"title":"Restez inform\u00e9 de la mani\u00e8re dont nous soutenons la profession OSINT","description":"Dans cette section de notre site web, vous trouverez des informations sur notre pr\u00e9sence dans la communaut\u00e9, sur les \u00e9v\u00e9nements auxquels nous participons et sur la mani\u00e8re dont nous soutenons la profession OSINT. Si vous souhaitez en savoir plus sur ce que nous faisons, nous vous invitons \u00e0 nous suivre sur les m\u00e9dias sociaux","robots":{"index":"index","follow":"follow","max-snippet":"max-snippet:-1","max-image-preview":"max-image-preview:large","max-video-preview":"max-video-preview:-1"},"canonical":"https:\/\/osinttraining.net\/fr\/actualites\/","og_locale":"fr_FR","og_type":"article","og_title":"Restez inform\u00e9 de la mani\u00e8re dont nous soutenons la profession OSINT","og_description":"Dans cette section de notre site web, vous trouverez des informations sur notre pr\u00e9sence dans la communaut\u00e9, sur les \u00e9v\u00e9nements auxquels nous participons et sur la mani\u00e8re dont nous soutenons la profession OSINT. Si vous souhaitez en savoir plus sur ce que nous faisons, nous vous invitons \u00e0 nous suivre sur les m\u00e9dias sociaux","og_url":"https:\/\/osinttraining.net\/fr\/actualites\/","og_site_name":"KeyNorth Group - Cours de renseignements de sources ouvertes","article_modified_time":"2023-06-07T18:50:54+00:00","twitter_card":"summary_large_image","twitter_site":"@Key_North","schema":{"@context":"https:\/\/schema.org","@graph":[{"@type":"WebPage","@id":"https:\/\/osinttraining.net\/fr\/actualites\/","url":"https:\/\/osinttraining.net\/fr\/actualites\/","name":"Restez inform\u00e9 de la mani\u00e8re dont nous soutenons la profession OSINT","isPartOf":{"@id":"https:\/\/osinttraining.net\/#website"},"datePublished":"2023-05-23T14:07:10+00:00","dateModified":"2023-06-07T18:50:54+00:00","description":"Dans cette section de notre site web, vous trouverez des informations sur notre pr\u00e9sence dans la communaut\u00e9, sur les \u00e9v\u00e9nements auxquels nous participons et sur la mani\u00e8re dont nous soutenons la profession OSINT. Si vous souhaitez en savoir plus sur ce que nous faisons, nous vous invitons \u00e0 nous suivre sur les m\u00e9dias sociaux","breadcrumb":{"@id":"https:\/\/osinttraining.net\/fr\/actualites\/#breadcrumb"},"inLanguage":"fr-FR","potentialAction":[{"@type":"ReadAction","target":["https:\/\/osinttraining.net\/fr\/actualites\/"]}]},{"@type":"BreadcrumbList","@id":"https:\/\/osinttraining.net\/fr\/actualites\/#breadcrumb","itemListElement":[{"@type":"ListItem","position":1,"name":"Home","item":"https:\/\/osinttraining.net\/fr\/"},{"@type":"ListItem","position":2,"name":"Actualit\u00e9s"}]},{"@type":"WebSite","@id":"https:\/\/osinttraining.net\/#website","url":"https:\/\/osinttraining.net\/","name":"KeyNorth Group - Cours de renseignements de sources ouvertes","description":"Optimisez votre \u00e9quipe et d\u00e9veloppez votre carri\u00e8re.","publisher":{"@id":"https:\/\/osinttraining.net\/#organization"},"potentialAction":[{"@type":"SearchAction","target":{"@type":"EntryPoint","urlTemplate":"https:\/\/osinttraining.net\/?s={search_term_string}"},"query-input":{"@type":"PropertyValueSpecification","valueRequired":true,"valueName":"search_term_string"}}],"inLanguage":"fr-FR"},{"@type":"Organization","@id":"https:\/\/osinttraining.net\/#organization","name":"KeyNorth Group - Cours de renseignements de sources ouvertes","url":"https:\/\/osinttraining.net\/","logo":{"@type":"ImageObject","inLanguage":"fr-FR","@id":"https:\/\/osinttraining.net\/#\/schema\/logo\/image\/","url":"https:\/\/osinttraining.net\/wp-content\/uploads\/2023\/05\/logo.png","contentUrl":"https:\/\/osinttraining.net\/wp-content\/uploads\/2023\/05\/logo.png","width":174,"height":38,"caption":"KeyNorth Group - Cours de renseignements de sources ouvertes"},"image":{"@id":"https:\/\/osinttraining.net\/#\/schema\/logo\/image\/"},"sameAs":["https:\/\/x.com\/Key_North","https:\/\/www.linkedin.com\/company\/keynorth-professional-services-group-inc-\/"]}]}},"_links":{"self":[{"href":"https:\/\/osinttraining.net\/fr\/wp-json\/wp\/v2\/pages\/1291","targetHints":{"allow":["GET"]}}],"collection":[{"href":"https:\/\/osinttraining.net\/fr\/wp-json\/wp\/v2\/pages"}],"about":[{"href":"https:\/\/osinttraining.net\/fr\/wp-json\/wp\/v2\/types\/page"}],"author":[{"embeddable":true,"href":"https:\/\/osinttraining.net\/fr\/wp-json\/wp\/v2\/users\/1"}],"replies":[{"embeddable":true,"href":"https:\/\/osinttraining.net\/fr\/wp-json\/wp\/v2\/comments?post=1291"}],"version-history":[{"count":2,"href":"https:\/\/osinttraining.net\/fr\/wp-json\/wp\/v2\/pages\/1291\/revisions"}],"predecessor-version":[{"id":1371,"href":"https:\/\/osinttraining.net\/fr\/wp-json\/wp\/v2\/pages\/1291\/revisions\/1371"}],"wp:attachment":[{"href":"https:\/\/osinttraining.net\/fr\/wp-json\/wp\/v2\/media?parent=1291"}],"curies":[{"name":"wp","href":"https:\/\/api.w.org\/{rel}","templated":true}]}}