{"id":1285,"date":"2023-05-18T14:29:44","date_gmt":"2023-05-18T18:29:44","guid":{"rendered":"https:\/\/kng-01.eproofs.ca\/case-studies\/"},"modified":"2023-06-06T09:43:18","modified_gmt":"2023-06-06T13:43:18","slug":"etudes-de-cas","status":"publish","type":"page","link":"https:\/\/osinttraining.net\/fr\/etudes-de-cas\/","title":{"rendered":"\u00c9tudes de cas"},"content":{"rendered":"\n<div class=\"wp-block-group alignfull\"><div class=\"wp-block-group__inner-container is-layout-constrained wp-block-group-is-layout-constrained\">  \r\n\r\n\t<div id=\"card-grid-block_f12545430889dd0718d1a72a1742c428\" class=\"card-grid  alignwide card-grid-block_f12545430889dd0718d1a72a1742c428 design-flat direction-column images-photo alignment-left col-3 icon- pt-case-study\">\r\n\r\n\t\t\t\t\t\r\n\t\t\t\t\t\t\t<a class=\"card  design-flat direction-column images-photo alignment-left col-3 icon- pt-case-study\" href=\"https:\/\/osinttraining.net\/fr\/case-studies\/mettre-en-place-un-cadre-solide-en-matiere-dosint-pour-les-organismes-dapplication-de-la-loi\/\">\r\n\t\t\t\r\n\t\t\t\t\t\t\t\t\t<div class=\"image-wrap\">\r\n\t\t\t\t\t\t<div class=\"image\">\r\n\t\t\t\t\t\t\t<img loading=\"lazy\" decoding=\"async\" width=\"1024\" height=\"578\" src=\"https:\/\/osinttraining.net\/wp-content\/uploads\/2025\/03\/Case-Study_-Robust-framework-1024x578.png\" class=\"attachment-large size-large wp-post-image\" alt=\"\" srcset=\"https:\/\/osinttraining.net\/wp-content\/uploads\/2025\/03\/Case-Study_-Robust-framework-1024x578.png 1024w, https:\/\/osinttraining.net\/wp-content\/uploads\/2025\/03\/Case-Study_-Robust-framework-300x169.png 300w, https:\/\/osinttraining.net\/wp-content\/uploads\/2025\/03\/Case-Study_-Robust-framework.png 1912w\" sizes=\"auto, (max-width: 1024px) 100vw, 1024px\" \/>\t\t\t\t\t\t<\/div>\r\n\t\t\t\t\t<\/div>\r\n\t\t\t\t\r\n\t\t\t\t<div class=\"card-content\">\r\n\r\n\t\t\t\t\t\r\n\t\t\t\t\t\t\t\t\t\t\r\n\t\t\t\t\t\t\t\t\t\t\t\t\t<div class=\"title h6\">\r\n\t\t\t\t\t\t\t\tMettre en place un cadre solide en mati\u00e8re d\u2019OSINT pour les organismes d\u2019application de la loi\t\t\t\t\t\t\t<\/div>\r\n\t\t\t\t\t\t\r\n\t\t\t\t\t\r\n\t\t\t\t\t\r\n\t\t\t\t\t\t\t\t\t\t\t<div class=\"read-more\">\r\n\t\t\t\t\t\t\tEn savoir plus <svg width=\"15\" height=\"14\" viewBox=\"0 0 15 14\" fill=\"none\" xmlns=\"http:\/\/www.w3.org\/2000\/svg\">\r\n<path fill-rule=\"evenodd\" clip-rule=\"evenodd\" d=\"M1.08341 7.91667H11.3226L7.76591 11.4733C7.40841 11.8308 7.40841 12.4175 7.76591 12.775C8.12341 13.1325 8.70091 13.1325 9.05841 12.775L14.1826 7.65084C14.5401 7.29334 14.5401 6.71584 14.1826 6.35834L9.06758 1.225C8.71008 0.867504 8.13258 0.867504 7.77508 1.225C7.41758 1.5825 7.41758 2.16 7.77508 2.5175L11.3226 6.08334H1.08341C0.579248 6.08334 0.166748 6.49584 0.166748 7C0.166748 7.50417 0.579248 7.91667 1.08341 7.91667Z\" fill=\"white\"\/>\r\n<\/svg>\r\n\t\t\t\t\t\t<\/div>\r\n\t\t\t\t\t\r\n\t\t\t\t<\/div>\r\n\r\n\t\t\t\t\t\t\t<\/a>\r\n\t\t\t\t\t\t\r\n\t\t\t\t\t\r\n\t\t\t\t\t\t\t<a class=\"card  design-flat direction-column images-photo alignment-left col-3 icon- pt-case-study\" href=\"https:\/\/osinttraining.net\/fr\/case-studies\/enquete-interne-sur-un-employe-impliquant-un-plugin-de-navigateur\/\">\r\n\t\t\t\r\n\t\t\t\t\t\t\t\t\t<div class=\"image-wrap\">\r\n\t\t\t\t\t\t<div class=\"image\">\r\n\t\t\t\t\t\t\t<img loading=\"lazy\" decoding=\"async\" width=\"1024\" height=\"578\" src=\"https:\/\/osinttraining.net\/wp-content\/uploads\/2025\/01\/Case-study_Employee-Internal-Investigation-1024x578.png\" class=\"attachment-large size-large wp-post-image\" alt=\"\" srcset=\"https:\/\/osinttraining.net\/wp-content\/uploads\/2025\/01\/Case-study_Employee-Internal-Investigation-1024x578.png 1024w, https:\/\/osinttraining.net\/wp-content\/uploads\/2025\/01\/Case-study_Employee-Internal-Investigation-300x169.png 300w, https:\/\/osinttraining.net\/wp-content\/uploads\/2025\/01\/Case-study_Employee-Internal-Investigation.png 1912w\" sizes=\"auto, (max-width: 1024px) 100vw, 1024px\" \/>\t\t\t\t\t\t<\/div>\r\n\t\t\t\t\t<\/div>\r\n\t\t\t\t\r\n\t\t\t\t<div class=\"card-content\">\r\n\r\n\t\t\t\t\t\r\n\t\t\t\t\t\t\t\t\t\t\r\n\t\t\t\t\t\t\t\t\t\t\t\t\t<div class=\"title h6\">\r\n\t\t\t\t\t\t\t\tEnqu\u00eate interne sur un employ\u00e9 impliquant un plugin de navigateur\t\t\t\t\t\t\t<\/div>\r\n\t\t\t\t\t\t\r\n\t\t\t\t\t\r\n\t\t\t\t\t\r\n\t\t\t\t\t\t\t\t\t\t\t<div class=\"read-more\">\r\n\t\t\t\t\t\t\tEn savoir plus <svg width=\"15\" height=\"14\" viewBox=\"0 0 15 14\" fill=\"none\" xmlns=\"http:\/\/www.w3.org\/2000\/svg\">\r\n<path fill-rule=\"evenodd\" clip-rule=\"evenodd\" d=\"M1.08341 7.91667H11.3226L7.76591 11.4733C7.40841 11.8308 7.40841 12.4175 7.76591 12.775C8.12341 13.1325 8.70091 13.1325 9.05841 12.775L14.1826 7.65084C14.5401 7.29334 14.5401 6.71584 14.1826 6.35834L9.06758 1.225C8.71008 0.867504 8.13258 0.867504 7.77508 1.225C7.41758 1.5825 7.41758 2.16 7.77508 2.5175L11.3226 6.08334H1.08341C0.579248 6.08334 0.166748 6.49584 0.166748 7C0.166748 7.50417 0.579248 7.91667 1.08341 7.91667Z\" fill=\"white\"\/>\r\n<\/svg>\r\n\t\t\t\t\t\t<\/div>\r\n\t\t\t\t\t\r\n\t\t\t\t<\/div>\r\n\r\n\t\t\t\t\t\t\t<\/a>\r\n\t\t\t\t\t\t\r\n\t\t\t\t\t\r\n\t\t\t\t\t\t\t<a class=\"card  design-flat direction-column images-photo alignment-left col-3 icon- pt-case-study\" href=\"https:\/\/osinttraining.net\/fr\/case-studies\/mon-patron-ma-dit-que-je-devais-apprendre-losint-et-maintenant\/\">\r\n\t\t\t\r\n\t\t\t\t\t\t\t\t\t<div class=\"image-wrap\">\r\n\t\t\t\t\t\t<div class=\"image\">\r\n\t\t\t\t\t\t\t<img loading=\"lazy\" decoding=\"async\" width=\"1024\" height=\"839\" src=\"https:\/\/osinttraining.net\/wp-content\/uploads\/2023\/12\/21028_Tools-1-1024x839.jpg\" class=\"attachment-large size-large wp-post-image\" alt=\"\" srcset=\"https:\/\/osinttraining.net\/wp-content\/uploads\/2023\/12\/21028_Tools-1-1024x839.jpg 1024w, https:\/\/osinttraining.net\/wp-content\/uploads\/2023\/12\/21028_Tools-1-300x246.jpg 300w, https:\/\/osinttraining.net\/wp-content\/uploads\/2023\/12\/21028_Tools-1.jpg 1131w\" sizes=\"auto, (max-width: 1024px) 100vw, 1024px\" \/>\t\t\t\t\t\t<\/div>\r\n\t\t\t\t\t<\/div>\r\n\t\t\t\t\r\n\t\t\t\t<div class=\"card-content\">\r\n\r\n\t\t\t\t\t\r\n\t\t\t\t\t\t\t\t\t\t\r\n\t\t\t\t\t\t\t\t\t\t\t\t\t<div class=\"title h6\">\r\n\t\t\t\t\t\t\t\tMon patron m&rsquo;a dit que je devais apprendre l&rsquo;OSINT. Et maintenant ?\t\t\t\t\t\t\t<\/div>\r\n\t\t\t\t\t\t\r\n\t\t\t\t\t\r\n\t\t\t\t\t\r\n\t\t\t\t\t\t\t\t\t\t\t<div class=\"read-more\">\r\n\t\t\t\t\t\t\tEn savoir plus <svg width=\"15\" height=\"14\" viewBox=\"0 0 15 14\" fill=\"none\" xmlns=\"http:\/\/www.w3.org\/2000\/svg\">\r\n<path fill-rule=\"evenodd\" clip-rule=\"evenodd\" d=\"M1.08341 7.91667H11.3226L7.76591 11.4733C7.40841 11.8308 7.40841 12.4175 7.76591 12.775C8.12341 13.1325 8.70091 13.1325 9.05841 12.775L14.1826 7.65084C14.5401 7.29334 14.5401 6.71584 14.1826 6.35834L9.06758 1.225C8.71008 0.867504 8.13258 0.867504 7.77508 1.225C7.41758 1.5825 7.41758 2.16 7.77508 2.5175L11.3226 6.08334H1.08341C0.579248 6.08334 0.166748 6.49584 0.166748 7C0.166748 7.50417 0.579248 7.91667 1.08341 7.91667Z\" fill=\"white\"\/>\r\n<\/svg>\r\n\t\t\t\t\t\t<\/div>\r\n\t\t\t\t\t\r\n\t\t\t\t<\/div>\r\n\r\n\t\t\t\t\t\t\t<\/a>\r\n\t\t\t\t\t\t\r\n\t\t\t\t\t\r\n\t\t\t\t\t\t\t<a class=\"card  design-flat direction-column images-photo alignment-left col-3 icon- pt-case-study\" href=\"https:\/\/osinttraining.net\/fr\/case-studies\/formation-osint-dans-les-deux-langues-officielles-du-canada-anglais-et-francais\/\">\r\n\t\t\t\r\n\t\t\t\t\t\t\t\t\t<div class=\"image-wrap\">\r\n\t\t\t\t\t\t<div class=\"image\">\r\n\t\t\t\t\t\t\t<img loading=\"lazy\" decoding=\"async\" width=\"1024\" height=\"683\" src=\"https:\/\/osinttraining.net\/wp-content\/uploads\/2023\/05\/pen-paper-1024x683.jpg\" class=\"attachment-large size-large wp-post-image\" alt=\"\" srcset=\"https:\/\/osinttraining.net\/wp-content\/uploads\/2023\/05\/pen-paper-1024x683.jpg 1024w, https:\/\/osinttraining.net\/wp-content\/uploads\/2023\/05\/pen-paper-300x200.jpg 300w, https:\/\/osinttraining.net\/wp-content\/uploads\/2023\/05\/pen-paper.jpg 1470w\" sizes=\"auto, (max-width: 1024px) 100vw, 1024px\" \/>\t\t\t\t\t\t<\/div>\r\n\t\t\t\t\t<\/div>\r\n\t\t\t\t\r\n\t\t\t\t<div class=\"card-content\">\r\n\r\n\t\t\t\t\t\r\n\t\t\t\t\t\t\t\t\t\t\r\n\t\t\t\t\t\t\t\t\t\t\t\t\t<div class=\"title h6\">\r\n\t\t\t\t\t\t\t\tFormation OSINT dans les deux langues officielles du Canada (anglais et fran\u00e7ais)\t\t\t\t\t\t\t<\/div>\r\n\t\t\t\t\t\t\r\n\t\t\t\t\t\r\n\t\t\t\t\t\r\n\t\t\t\t\t\t\t\t\t\t\t<div class=\"read-more\">\r\n\t\t\t\t\t\t\tEn savoir plus <svg width=\"15\" height=\"14\" viewBox=\"0 0 15 14\" fill=\"none\" xmlns=\"http:\/\/www.w3.org\/2000\/svg\">\r\n<path fill-rule=\"evenodd\" clip-rule=\"evenodd\" d=\"M1.08341 7.91667H11.3226L7.76591 11.4733C7.40841 11.8308 7.40841 12.4175 7.76591 12.775C8.12341 13.1325 8.70091 13.1325 9.05841 12.775L14.1826 7.65084C14.5401 7.29334 14.5401 6.71584 14.1826 6.35834L9.06758 1.225C8.71008 0.867504 8.13258 0.867504 7.77508 1.225C7.41758 1.5825 7.41758 2.16 7.77508 2.5175L11.3226 6.08334H1.08341C0.579248 6.08334 0.166748 6.49584 0.166748 7C0.166748 7.50417 0.579248 7.91667 1.08341 7.91667Z\" fill=\"white\"\/>\r\n<\/svg>\r\n\t\t\t\t\t\t<\/div>\r\n\t\t\t\t\t\r\n\t\t\t\t<\/div>\r\n\r\n\t\t\t\t\t\t\t<\/a>\r\n\t\t\t\t\t\t\r\n\t\t\t\t\r\n\t<\/div>\r\n\r\n<\/div><\/div>\n","protected":false},"excerpt":{"rendered":"","protected":false},"author":1,"featured_media":0,"parent":0,"menu_order":0,"comment_status":"closed","ping_status":"closed","template":"","meta":{"_acf_changed":false,"content-type":"","inline_featured_image":false,"footnotes":""},"class_list":["post-1285","page","type-page","status-publish","hentry"],"acf":[],"yoast_head":"<!-- This site is optimized with the Yoast SEO plugin v27.0 - https:\/\/yoast.com\/product\/yoast-seo-wordpress\/ -->\n<title>Consultez nos \u00e9tudes de cas pour savoir comment nous avons aid\u00e9 des organisations et des individus \u00e0 r\u00e9pondre \u00e0 leurs besoins en mati\u00e8re d&#039;OSINT.<\/title>\n<meta name=\"description\" content=\"Nous avons travaill\u00e9 avec des organisations et des individus au Canada et \u00e0 l&#039;\u00e9tranger dans le cadre de formations OSINT. Vous trouverez ci-dessous quelques exemples de la fa\u00e7on dont nous avons travaill\u00e9 avec nos \u00e9tudiants et leurs employeurs.\" \/>\n<meta name=\"robots\" content=\"index, follow, max-snippet:-1, max-image-preview:large, max-video-preview:-1\" \/>\n<link rel=\"canonical\" href=\"https:\/\/osinttraining.net\/fr\/etudes-de-cas\/\" \/>\n<meta property=\"og:locale\" content=\"fr_FR\" \/>\n<meta property=\"og:type\" content=\"article\" \/>\n<meta property=\"og:title\" content=\"Consultez nos \u00e9tudes de cas pour savoir comment nous avons aid\u00e9 des organisations et des individus \u00e0 r\u00e9pondre \u00e0 leurs besoins en mati\u00e8re d&#039;OSINT.\" \/>\n<meta property=\"og:description\" content=\"Nous avons travaill\u00e9 avec des organisations et des individus au Canada et \u00e0 l&#039;\u00e9tranger dans le cadre de formations OSINT. Vous trouverez ci-dessous quelques exemples de la fa\u00e7on dont nous avons travaill\u00e9 avec nos \u00e9tudiants et leurs employeurs.\" \/>\n<meta property=\"og:url\" content=\"https:\/\/osinttraining.net\/fr\/etudes-de-cas\/\" \/>\n<meta property=\"og:site_name\" content=\"KeyNorth Group - Cours de renseignements de sources ouvertes\" \/>\n<meta property=\"article:modified_time\" content=\"2023-06-06T13:43:18+00:00\" \/>\n<meta name=\"twitter:card\" content=\"summary_large_image\" \/>\n<meta name=\"twitter:site\" content=\"@Key_North\" \/>\n<script type=\"application\/ld+json\" class=\"yoast-schema-graph\">{\"@context\":\"https:\/\/schema.org\",\"@graph\":[{\"@type\":\"WebPage\",\"@id\":\"https:\/\/osinttraining.net\/fr\/etudes-de-cas\/\",\"url\":\"https:\/\/osinttraining.net\/fr\/etudes-de-cas\/\",\"name\":\"Consultez nos \u00e9tudes de cas pour savoir comment nous avons aid\u00e9 des organisations et des individus \u00e0 r\u00e9pondre \u00e0 leurs besoins en mati\u00e8re d'OSINT.\",\"isPartOf\":{\"@id\":\"https:\/\/osinttraining.net\/#website\"},\"datePublished\":\"2023-05-18T18:29:44+00:00\",\"dateModified\":\"2023-06-06T13:43:18+00:00\",\"description\":\"Nous avons travaill\u00e9 avec des organisations et des individus au Canada et \u00e0 l'\u00e9tranger dans le cadre de formations OSINT. Vous trouverez ci-dessous quelques exemples de la fa\u00e7on dont nous avons travaill\u00e9 avec nos \u00e9tudiants et leurs employeurs.\",\"breadcrumb\":{\"@id\":\"https:\/\/osinttraining.net\/fr\/etudes-de-cas\/#breadcrumb\"},\"inLanguage\":\"fr-FR\",\"potentialAction\":[{\"@type\":\"ReadAction\",\"target\":[\"https:\/\/osinttraining.net\/fr\/etudes-de-cas\/\"]}]},{\"@type\":\"BreadcrumbList\",\"@id\":\"https:\/\/osinttraining.net\/fr\/etudes-de-cas\/#breadcrumb\",\"itemListElement\":[{\"@type\":\"ListItem\",\"position\":1,\"name\":\"Home\",\"item\":\"https:\/\/osinttraining.net\/fr\/\"},{\"@type\":\"ListItem\",\"position\":2,\"name\":\"\u00c9tudes de cas\"}]},{\"@type\":\"WebSite\",\"@id\":\"https:\/\/osinttraining.net\/#website\",\"url\":\"https:\/\/osinttraining.net\/\",\"name\":\"KeyNorth Group - Cours de renseignements de sources ouvertes\",\"description\":\"Optimisez votre \u00e9quipe et d\u00e9veloppez votre carri\u00e8re.\",\"publisher\":{\"@id\":\"https:\/\/osinttraining.net\/#organization\"},\"potentialAction\":[{\"@type\":\"SearchAction\",\"target\":{\"@type\":\"EntryPoint\",\"urlTemplate\":\"https:\/\/osinttraining.net\/?s={search_term_string}\"},\"query-input\":{\"@type\":\"PropertyValueSpecification\",\"valueRequired\":true,\"valueName\":\"search_term_string\"}}],\"inLanguage\":\"fr-FR\"},{\"@type\":\"Organization\",\"@id\":\"https:\/\/osinttraining.net\/#organization\",\"name\":\"KeyNorth Group - Cours de renseignements de sources ouvertes\",\"url\":\"https:\/\/osinttraining.net\/\",\"logo\":{\"@type\":\"ImageObject\",\"inLanguage\":\"fr-FR\",\"@id\":\"https:\/\/osinttraining.net\/#\/schema\/logo\/image\/\",\"url\":\"https:\/\/osinttraining.net\/wp-content\/uploads\/2023\/05\/logo.png\",\"contentUrl\":\"https:\/\/osinttraining.net\/wp-content\/uploads\/2023\/05\/logo.png\",\"width\":174,\"height\":38,\"caption\":\"KeyNorth Group - Cours de renseignements de sources ouvertes\"},\"image\":{\"@id\":\"https:\/\/osinttraining.net\/#\/schema\/logo\/image\/\"},\"sameAs\":[\"https:\/\/x.com\/Key_North\",\"https:\/\/www.linkedin.com\/company\/keynorth-professional-services-group-inc-\/\"]}]}<\/script>\n<!-- \/ Yoast SEO plugin. -->","yoast_head_json":{"title":"Consultez nos \u00e9tudes de cas pour savoir comment nous avons aid\u00e9 des organisations et des individus \u00e0 r\u00e9pondre \u00e0 leurs besoins en mati\u00e8re d'OSINT.","description":"Nous avons travaill\u00e9 avec des organisations et des individus au Canada et \u00e0 l'\u00e9tranger dans le cadre de formations OSINT. Vous trouverez ci-dessous quelques exemples de la fa\u00e7on dont nous avons travaill\u00e9 avec nos \u00e9tudiants et leurs employeurs.","robots":{"index":"index","follow":"follow","max-snippet":"max-snippet:-1","max-image-preview":"max-image-preview:large","max-video-preview":"max-video-preview:-1"},"canonical":"https:\/\/osinttraining.net\/fr\/etudes-de-cas\/","og_locale":"fr_FR","og_type":"article","og_title":"Consultez nos \u00e9tudes de cas pour savoir comment nous avons aid\u00e9 des organisations et des individus \u00e0 r\u00e9pondre \u00e0 leurs besoins en mati\u00e8re d'OSINT.","og_description":"Nous avons travaill\u00e9 avec des organisations et des individus au Canada et \u00e0 l'\u00e9tranger dans le cadre de formations OSINT. Vous trouverez ci-dessous quelques exemples de la fa\u00e7on dont nous avons travaill\u00e9 avec nos \u00e9tudiants et leurs employeurs.","og_url":"https:\/\/osinttraining.net\/fr\/etudes-de-cas\/","og_site_name":"KeyNorth Group - Cours de renseignements de sources ouvertes","article_modified_time":"2023-06-06T13:43:18+00:00","twitter_card":"summary_large_image","twitter_site":"@Key_North","schema":{"@context":"https:\/\/schema.org","@graph":[{"@type":"WebPage","@id":"https:\/\/osinttraining.net\/fr\/etudes-de-cas\/","url":"https:\/\/osinttraining.net\/fr\/etudes-de-cas\/","name":"Consultez nos \u00e9tudes de cas pour savoir comment nous avons aid\u00e9 des organisations et des individus \u00e0 r\u00e9pondre \u00e0 leurs besoins en mati\u00e8re d'OSINT.","isPartOf":{"@id":"https:\/\/osinttraining.net\/#website"},"datePublished":"2023-05-18T18:29:44+00:00","dateModified":"2023-06-06T13:43:18+00:00","description":"Nous avons travaill\u00e9 avec des organisations et des individus au Canada et \u00e0 l'\u00e9tranger dans le cadre de formations OSINT. Vous trouverez ci-dessous quelques exemples de la fa\u00e7on dont nous avons travaill\u00e9 avec nos \u00e9tudiants et leurs employeurs.","breadcrumb":{"@id":"https:\/\/osinttraining.net\/fr\/etudes-de-cas\/#breadcrumb"},"inLanguage":"fr-FR","potentialAction":[{"@type":"ReadAction","target":["https:\/\/osinttraining.net\/fr\/etudes-de-cas\/"]}]},{"@type":"BreadcrumbList","@id":"https:\/\/osinttraining.net\/fr\/etudes-de-cas\/#breadcrumb","itemListElement":[{"@type":"ListItem","position":1,"name":"Home","item":"https:\/\/osinttraining.net\/fr\/"},{"@type":"ListItem","position":2,"name":"\u00c9tudes de cas"}]},{"@type":"WebSite","@id":"https:\/\/osinttraining.net\/#website","url":"https:\/\/osinttraining.net\/","name":"KeyNorth Group - Cours de renseignements de sources ouvertes","description":"Optimisez votre \u00e9quipe et d\u00e9veloppez votre carri\u00e8re.","publisher":{"@id":"https:\/\/osinttraining.net\/#organization"},"potentialAction":[{"@type":"SearchAction","target":{"@type":"EntryPoint","urlTemplate":"https:\/\/osinttraining.net\/?s={search_term_string}"},"query-input":{"@type":"PropertyValueSpecification","valueRequired":true,"valueName":"search_term_string"}}],"inLanguage":"fr-FR"},{"@type":"Organization","@id":"https:\/\/osinttraining.net\/#organization","name":"KeyNorth Group - Cours de renseignements de sources ouvertes","url":"https:\/\/osinttraining.net\/","logo":{"@type":"ImageObject","inLanguage":"fr-FR","@id":"https:\/\/osinttraining.net\/#\/schema\/logo\/image\/","url":"https:\/\/osinttraining.net\/wp-content\/uploads\/2023\/05\/logo.png","contentUrl":"https:\/\/osinttraining.net\/wp-content\/uploads\/2023\/05\/logo.png","width":174,"height":38,"caption":"KeyNorth Group - Cours de renseignements de sources ouvertes"},"image":{"@id":"https:\/\/osinttraining.net\/#\/schema\/logo\/image\/"},"sameAs":["https:\/\/x.com\/Key_North","https:\/\/www.linkedin.com\/company\/keynorth-professional-services-group-inc-\/"]}]}},"_links":{"self":[{"href":"https:\/\/osinttraining.net\/fr\/wp-json\/wp\/v2\/pages\/1285","targetHints":{"allow":["GET"]}}],"collection":[{"href":"https:\/\/osinttraining.net\/fr\/wp-json\/wp\/v2\/pages"}],"about":[{"href":"https:\/\/osinttraining.net\/fr\/wp-json\/wp\/v2\/types\/page"}],"author":[{"embeddable":true,"href":"https:\/\/osinttraining.net\/fr\/wp-json\/wp\/v2\/users\/1"}],"replies":[{"embeddable":true,"href":"https:\/\/osinttraining.net\/fr\/wp-json\/wp\/v2\/comments?post=1285"}],"version-history":[{"count":2,"href":"https:\/\/osinttraining.net\/fr\/wp-json\/wp\/v2\/pages\/1285\/revisions"}],"predecessor-version":[{"id":1288,"href":"https:\/\/osinttraining.net\/fr\/wp-json\/wp\/v2\/pages\/1285\/revisions\/1288"}],"wp:attachment":[{"href":"https:\/\/osinttraining.net\/fr\/wp-json\/wp\/v2\/media?parent=1285"}],"curies":[{"name":"wp","href":"https:\/\/api.w.org\/{rel}","templated":true}]}}