{"id":1270,"date":"2023-05-18T12:02:12","date_gmt":"2023-05-18T16:02:12","guid":{"rendered":"https:\/\/kng-01.eproofs.ca\/guide-osint-gratuit\/"},"modified":"2023-06-05T16:46:10","modified_gmt":"2023-06-05T20:46:10","slug":"guide-osint-gratuit","status":"publish","type":"page","link":"https:\/\/osinttraining.net\/fr\/guide-osint-gratuit\/","title":{"rendered":"Guide OSINT gratuit"},"content":{"rendered":"\n<div class=\"wp-block-group alignfull\"><div class=\"wp-block-group__inner-container is-layout-constrained wp-block-group-is-layout-constrained\">\n<p>Le KeyNorth Group effectue des recherches pour innover et renforcer la qualit\u00e9 de ses services. Ces 5 r\u00e8gles sont des informations d\u00e9taill\u00e9es, actuelles et pertinentes qui am\u00e9lioreront l&rsquo;efficacit\u00e9 de votre recherche de renseignements sur les sources ouvertes et vous aideront \u00e0 obtenir des r\u00e9sultats de qualit\u00e9 en toute s\u00e9curit\u00e9.&nbsp;<\/p>\n\n\n\n<p>Inscrivez-vous \u00e0 notre infolettre et recevez des informations importantes sur l&rsquo;OSINT ainsi que le guide gratuit indispensable.<\/p>\n\n\n\n<p>Nous avons h\u00e2te de communiquer avec vous.<\/p>\n\n\n\n<p id=\"guide\"><strong>Inscrivez-vous \u00e0 notre infolettre pour recevoir votre guide gratuit!<\/strong><\/p>\n\n\n<script type=\"text\/javascript\">\n\/* <![CDATA[ *\/\nvar gform;gform||(document.addEventListener(\"gform_main_scripts_loaded\",function(){gform.scriptsLoaded=!0}),document.addEventListener(\"gform\/theme\/scripts_loaded\",function(){gform.themeScriptsLoaded=!0}),window.addEventListener(\"DOMContentLoaded\",function(){gform.domLoaded=!0}),gform={domLoaded:!1,scriptsLoaded:!1,themeScriptsLoaded:!1,isFormEditor:()=>\"function\"==typeof InitializeEditor,callIfLoaded:function(o){return!(!gform.domLoaded||!gform.scriptsLoaded||!gform.themeScriptsLoaded&&!gform.isFormEditor()||(gform.isFormEditor()&&console.warn(\"The use of gform.initializeOnLoaded() is deprecated in the form editor context and will be removed in Gravity Forms 3.1.\"),o(),0))},initializeOnLoaded:function(o){gform.callIfLoaded(o)||(document.addEventListener(\"gform_main_scripts_loaded\",()=>{gform.scriptsLoaded=!0,gform.callIfLoaded(o)}),document.addEventListener(\"gform\/theme\/scripts_loaded\",()=>{gform.themeScriptsLoaded=!0,gform.callIfLoaded(o)}),window.addEventListener(\"DOMContentLoaded\",()=>{gform.domLoaded=!0,gform.callIfLoaded(o)}))},hooks:{action:{},filter:{}},addAction:function(o,r,e,t){gform.addHook(\"action\",o,r,e,t)},addFilter:function(o,r,e,t){gform.addHook(\"filter\",o,r,e,t)},doAction:function(o){gform.doHook(\"action\",o,arguments)},applyFilters:function(o){return gform.doHook(\"filter\",o,arguments)},removeAction:function(o,r){gform.removeHook(\"action\",o,r)},removeFilter:function(o,r,e){gform.removeHook(\"filter\",o,r,e)},addHook:function(o,r,e,t,n){null==gform.hooks[o][r]&&(gform.hooks[o][r]=[]);var d=gform.hooks[o][r];null==n&&(n=r+\"_\"+d.length),gform.hooks[o][r].push({tag:n,callable:e,priority:t=null==t?10:t})},doHook:function(r,o,e){var t;if(e=Array.prototype.slice.call(e,1),null!=gform.hooks[r][o]&&((o=gform.hooks[r][o]).sort(function(o,r){return o.priority-r.priority}),o.forEach(function(o){\"function\"!=typeof(t=o.callable)&&(t=window[t]),\"action\"==r?t.apply(null,e):e[0]=t.apply(null,e)})),\"filter\"==r)return e[0]},removeHook:function(o,r,t,n){var e;null!=gform.hooks[o][r]&&(e=(e=gform.hooks[o][r]).filter(function(o,r,e){return!!(null!=n&&n!=o.tag||null!=t&&t!=o.priority)}),gform.hooks[o][r]=e)}});\n\/* ]]> *\/\n<\/script>\n\n                <div class='gf_browser_gecko gform_wrapper gravity-theme gform-theme--no-framework' data-form-theme='gravity-theme' data-form-index='0' id='gform_wrapper_2' ><form method='post' enctype='multipart\/form-data'  id='gform_2'  action='\/fr\/wp-json\/wp\/v2\/pages\/1270' data-formid='2' novalidate>\n                        <div class='gform-body gform_body'><div id='gform_fields_2' class='gform_fields top_label form_sublabel_below description_below validation_below'><div id=\"field_2_2\" class=\"gfield gfield--type-honeypot gform_validation_container field_sublabel_below gfield--has-description field_description_below field_validation_below gfield_visibility_visible\"  ><label class='gfield_label gform-field-label' for='input_2_2'>Instagram<\/label><div class='ginput_container'><input name='input_2' id='input_2_2' type='text' value='' autocomplete='new-password'\/><\/div><div class='gfield_description' id='gfield_description_2_2'>Ce champ n\u2019est utilis\u00e9 qu\u2019\u00e0 des fins de validation et devrait rester inchang\u00e9.<\/div><\/div><div id=\"field_2_1\" class=\"gfield gfield--type-email gfield--width-half gfield_contains_required field_sublabel_below gfield--no-description field_description_below field_validation_below gfield_visibility_visible\"  ><label class='gfield_label gform-field-label' for='input_2_1'>Courriel<span class=\"gfield_required\"><span class=\"gfield_required gfield_required_text\">(N\u00e9cessaire)<\/span><\/span><\/label><div class='ginput_container ginput_container_email'>\n                            <input name='input_1' id='input_2_1' type='email' value='' class='large'   placeholder='Entrer le courriel...' aria-required=\"true\" aria-invalid=\"false\"  \/>\n                        <\/div><\/div><div id=\"field_submit\" class=\"gfield gfield--type-submit gfield--width-half field_sublabel_below gfield--no-description field_description_below field_validation_below gfield_visibility_visible\"  data-field-class=\"gform_editor_submit_container\" data-field-position=\"inline\" ><input type='submit' id='gform_submit_button_2' class='gform-button gform-button--white  button' onclick='gform.submission.handleButtonClick(this);' data-submission-type='submit' value='S&#039;abonner'  \/><\/div><\/div><\/div>\n        <div class='gform-footer gform_footer top_label'>  \n            <input type='hidden' class='gform_hidden' name='gform_submission_method' data-js='gform_submission_method_2' value='postback' \/>\n            <input type='hidden' class='gform_hidden' name='gform_theme' data-js='gform_theme_2' id='gform_theme_2' value='gravity-theme' \/>\n            <input type='hidden' class='gform_hidden' name='gform_style_settings' data-js='gform_style_settings_2' id='gform_style_settings_2' value='[]' \/>\n            <input type='hidden' class='gform_hidden' name='is_submit_2' value='1' \/>\n            <input type='hidden' class='gform_hidden' name='gform_submit' value='2' \/>\n            \n            <input type='hidden' class='gform_hidden' name='gform_currency' data-currency='CAD' value='\/JwBzuD795ER3J5XOfwa9kCSvzXq9n9w2vpHnxYaGO6YXESZ\/abR7OSZjALhr7FcXpU9ISIhvoPdFXw4nstDFz\/tmeQaUQATZqPyAkFCBg+\/CZg=' \/>\n            <input type='hidden' class='gform_hidden' name='gform_unique_id' value='' \/>\n            <input type='hidden' class='gform_hidden' name='state_2' value='WyJbXSIsIjhiMzIyNjg5MWEyZGRhMWVjZWU4OGNhZDNhMmE4NDQ5Il0=' \/>\n            <input type='hidden' autocomplete='off' class='gform_hidden' name='gform_target_page_number_2' id='gform_target_page_number_2' value='0' \/>\n            <input type='hidden' autocomplete='off' class='gform_hidden' name='gform_source_page_number_2' id='gform_source_page_number_2' value='1' \/>\n            <input type='hidden' name='gform_field_values' value='' \/>\n            \n        <\/div>\n                        <\/form>\n                        <\/div><script type=\"text\/javascript\">\n\/* <![CDATA[ *\/\n gform.initializeOnLoaded( function() {gformInitSpinner( 2, 'https:\/\/osinttraining.net\/wp-content\/plugins\/gravityforms\/images\/spinner.svg', true );jQuery('#gform_ajax_frame_2').on('load',function(){var contents = jQuery(this).contents().find('*').html();var is_postback = contents.indexOf('GF_AJAX_POSTBACK') >= 0;if(!is_postback){return;}var form_content = jQuery(this).contents().find('#gform_wrapper_2');var is_confirmation = jQuery(this).contents().find('#gform_confirmation_wrapper_2').length > 0;var is_redirect = contents.indexOf('gformRedirect(){') >= 0;var is_form = form_content.length > 0 && ! is_redirect && ! is_confirmation;var mt = parseInt(jQuery('html').css('margin-top'), 10) + parseInt(jQuery('body').css('margin-top'), 10) + 100;if(is_form){jQuery('#gform_wrapper_2').html(form_content.html());if(form_content.hasClass('gform_validation_error')){jQuery('#gform_wrapper_2').addClass('gform_validation_error');} else {jQuery('#gform_wrapper_2').removeClass('gform_validation_error');}setTimeout( function() { \/* delay the scroll by 50 milliseconds to fix a bug in chrome *\/  }, 50 );if(window['gformInitDatepicker']) {gformInitDatepicker();}if(window['gformInitPriceFields']) {gformInitPriceFields();}var current_page = jQuery('#gform_source_page_number_2').val();gformInitSpinner( 2, 'https:\/\/osinttraining.net\/wp-content\/plugins\/gravityforms\/images\/spinner.svg', true );jQuery(document).trigger('gform_page_loaded', [2, current_page]);window['gf_submitting_2'] = false;}else if(!is_redirect){var confirmation_content = jQuery(this).contents().find('.GF_AJAX_POSTBACK').html();if(!confirmation_content){confirmation_content = contents;}jQuery('#gform_wrapper_2').replaceWith(confirmation_content);jQuery(document).trigger('gform_confirmation_loaded', [2]);window['gf_submitting_2'] = false;wp.a11y.speak(jQuery('#gform_confirmation_message_2').text());}else{jQuery('#gform_2').append(contents);if(window['gformRedirect']) {gformRedirect();}}jQuery(document).trigger(\"gform_pre_post_render\", [{ formId: \"2\", currentPage: \"current_page\", abort: function() { this.preventDefault(); } }]);        if (event && event.defaultPrevented) {                return;        }        const gformWrapperDiv = document.getElementById( \"gform_wrapper_2\" );        if ( gformWrapperDiv ) {            const visibilitySpan = document.createElement( \"span\" );            visibilitySpan.id = \"gform_visibility_test_2\";            gformWrapperDiv.insertAdjacentElement( \"afterend\", visibilitySpan );        }        const visibilityTestDiv = document.getElementById( \"gform_visibility_test_2\" );        let postRenderFired = false;        function triggerPostRender() {            if ( postRenderFired ) {                return;            }            postRenderFired = true;            gform.core.triggerPostRenderEvents( 2, current_page );            if ( visibilityTestDiv ) {                visibilityTestDiv.parentNode.removeChild( visibilityTestDiv );            }        }        function debounce( func, wait, immediate ) {            var timeout;            return function() {                var context = this, args = arguments;                var later = function() {                    timeout = null;                    if ( !immediate ) func.apply( context, args );                };                var callNow = immediate && !timeout;                clearTimeout( timeout );                timeout = setTimeout( later, wait );                if ( callNow ) func.apply( context, args );            };        }        const debouncedTriggerPostRender = debounce( function() {            triggerPostRender();        }, 200 );        if ( visibilityTestDiv && visibilityTestDiv.offsetParent === null ) {            const observer = new MutationObserver( ( mutations ) => {                mutations.forEach( ( mutation ) => {                    if ( mutation.type === 'attributes' && visibilityTestDiv.offsetParent !== null ) {                        debouncedTriggerPostRender();                        observer.disconnect();                    }                });            });            observer.observe( document.body, {                attributes: true,                childList: false,                subtree: true,                attributeFilter: [ 'style', 'class' ],            });        } else {            triggerPostRender();        }    } );} ); \n\/* ]]> *\/\n<\/script>\n<\/div><\/div>\n","protected":false},"excerpt":{"rendered":"<p>Le KeyNorth Group effectue des recherches pour innover et renforcer la qualit\u00e9 de ses services. Ces 5 r\u00e8gles sont des informations d\u00e9taill\u00e9es, actuelles et pertinentes qui am\u00e9lioreront l&rsquo;efficacit\u00e9 de votre recherche de renseignements sur les sources ouvertes et vous aideront \u00e0 obtenir des r\u00e9sultats de qualit\u00e9 en toute s\u00e9curit\u00e9.&nbsp; Inscrivez-vous \u00e0 notre infolettre et recevez [&hellip;]<\/p>\n","protected":false},"author":1,"featured_media":0,"parent":0,"menu_order":0,"comment_status":"closed","ping_status":"closed","template":"","meta":{"_acf_changed":false,"content-type":"","inline_featured_image":false,"footnotes":""},"class_list":["post-1270","page","type-page","status-publish","hentry"],"acf":[],"yoast_head":"<!-- This site is optimized with the Yoast SEO plugin v27.0 - https:\/\/yoast.com\/product\/yoast-seo-wordpress\/ -->\n<title>Guide OSINT gratuit - KeyNorth Group - Cours de renseignements de sources ouvertes<\/title>\n<meta name=\"robots\" content=\"index, follow, max-snippet:-1, max-image-preview:large, max-video-preview:-1\" \/>\n<link rel=\"canonical\" href=\"https:\/\/osinttraining.net\/fr\/guide-osint-gratuit\/\" \/>\n<meta property=\"og:locale\" content=\"fr_FR\" \/>\n<meta property=\"og:type\" content=\"article\" \/>\n<meta property=\"og:title\" content=\"Guide OSINT gratuit - KeyNorth Group - Cours de renseignements de sources ouvertes\" \/>\n<meta property=\"og:description\" content=\"Le KeyNorth Group effectue des recherches pour innover et renforcer la qualit\u00e9 de ses services. Ces 5 r\u00e8gles sont des informations d\u00e9taill\u00e9es, actuelles et pertinentes qui am\u00e9lioreront l&rsquo;efficacit\u00e9 de votre recherche de renseignements sur les sources ouvertes et vous aideront \u00e0 obtenir des r\u00e9sultats de qualit\u00e9 en toute s\u00e9curit\u00e9.&nbsp; Inscrivez-vous \u00e0 notre infolettre et recevez [&hellip;]\" \/>\n<meta property=\"og:url\" content=\"https:\/\/osinttraining.net\/fr\/guide-osint-gratuit\/\" \/>\n<meta property=\"og:site_name\" content=\"KeyNorth Group - Cours de renseignements de sources ouvertes\" \/>\n<meta property=\"article:modified_time\" content=\"2023-06-05T20:46:10+00:00\" \/>\n<meta name=\"twitter:card\" content=\"summary_large_image\" \/>\n<meta name=\"twitter:site\" content=\"@Key_North\" \/>\n<meta name=\"twitter:label1\" content=\"Dur\u00e9e de lecture estim\u00e9e\" \/>\n\t<meta name=\"twitter:data1\" content=\"1 minute\" \/>\n<script type=\"application\/ld+json\" class=\"yoast-schema-graph\">{\"@context\":\"https:\/\/schema.org\",\"@graph\":[{\"@type\":\"WebPage\",\"@id\":\"https:\/\/osinttraining.net\/fr\/guide-osint-gratuit\/\",\"url\":\"https:\/\/osinttraining.net\/fr\/guide-osint-gratuit\/\",\"name\":\"Guide OSINT gratuit - KeyNorth Group - Cours de renseignements de sources ouvertes\",\"isPartOf\":{\"@id\":\"https:\/\/osinttraining.net\/#website\"},\"datePublished\":\"2023-05-18T16:02:12+00:00\",\"dateModified\":\"2023-06-05T20:46:10+00:00\",\"breadcrumb\":{\"@id\":\"https:\/\/osinttraining.net\/fr\/guide-osint-gratuit\/#breadcrumb\"},\"inLanguage\":\"fr-FR\",\"potentialAction\":[{\"@type\":\"ReadAction\",\"target\":[\"https:\/\/osinttraining.net\/fr\/guide-osint-gratuit\/\"]}]},{\"@type\":\"BreadcrumbList\",\"@id\":\"https:\/\/osinttraining.net\/fr\/guide-osint-gratuit\/#breadcrumb\",\"itemListElement\":[{\"@type\":\"ListItem\",\"position\":1,\"name\":\"Home\",\"item\":\"https:\/\/osinttraining.net\/fr\/\"},{\"@type\":\"ListItem\",\"position\":2,\"name\":\"Guide OSINT gratuit\"}]},{\"@type\":\"WebSite\",\"@id\":\"https:\/\/osinttraining.net\/#website\",\"url\":\"https:\/\/osinttraining.net\/\",\"name\":\"KeyNorth Group - Cours de renseignements de sources ouvertes\",\"description\":\"Optimisez votre \u00e9quipe et d\u00e9veloppez votre carri\u00e8re.\",\"publisher\":{\"@id\":\"https:\/\/osinttraining.net\/#organization\"},\"potentialAction\":[{\"@type\":\"SearchAction\",\"target\":{\"@type\":\"EntryPoint\",\"urlTemplate\":\"https:\/\/osinttraining.net\/?s={search_term_string}\"},\"query-input\":{\"@type\":\"PropertyValueSpecification\",\"valueRequired\":true,\"valueName\":\"search_term_string\"}}],\"inLanguage\":\"fr-FR\"},{\"@type\":\"Organization\",\"@id\":\"https:\/\/osinttraining.net\/#organization\",\"name\":\"KeyNorth Group - Cours de renseignements de sources ouvertes\",\"url\":\"https:\/\/osinttraining.net\/\",\"logo\":{\"@type\":\"ImageObject\",\"inLanguage\":\"fr-FR\",\"@id\":\"https:\/\/osinttraining.net\/#\/schema\/logo\/image\/\",\"url\":\"https:\/\/osinttraining.net\/wp-content\/uploads\/2023\/05\/logo.png\",\"contentUrl\":\"https:\/\/osinttraining.net\/wp-content\/uploads\/2023\/05\/logo.png\",\"width\":174,\"height\":38,\"caption\":\"KeyNorth Group - Cours de renseignements de sources ouvertes\"},\"image\":{\"@id\":\"https:\/\/osinttraining.net\/#\/schema\/logo\/image\/\"},\"sameAs\":[\"https:\/\/x.com\/Key_North\",\"https:\/\/www.linkedin.com\/company\/keynorth-professional-services-group-inc-\/\"]}]}<\/script>\n<!-- \/ Yoast SEO plugin. -->","yoast_head_json":{"title":"Guide OSINT gratuit - KeyNorth Group - Cours de renseignements de sources ouvertes","robots":{"index":"index","follow":"follow","max-snippet":"max-snippet:-1","max-image-preview":"max-image-preview:large","max-video-preview":"max-video-preview:-1"},"canonical":"https:\/\/osinttraining.net\/fr\/guide-osint-gratuit\/","og_locale":"fr_FR","og_type":"article","og_title":"Guide OSINT gratuit - KeyNorth Group - Cours de renseignements de sources ouvertes","og_description":"Le KeyNorth Group effectue des recherches pour innover et renforcer la qualit\u00e9 de ses services. Ces 5 r\u00e8gles sont des informations d\u00e9taill\u00e9es, actuelles et pertinentes qui am\u00e9lioreront l&rsquo;efficacit\u00e9 de votre recherche de renseignements sur les sources ouvertes et vous aideront \u00e0 obtenir des r\u00e9sultats de qualit\u00e9 en toute s\u00e9curit\u00e9.&nbsp; Inscrivez-vous \u00e0 notre infolettre et recevez [&hellip;]","og_url":"https:\/\/osinttraining.net\/fr\/guide-osint-gratuit\/","og_site_name":"KeyNorth Group - Cours de renseignements de sources ouvertes","article_modified_time":"2023-06-05T20:46:10+00:00","twitter_card":"summary_large_image","twitter_site":"@Key_North","twitter_misc":{"Dur\u00e9e de lecture estim\u00e9e":"1 minute"},"schema":{"@context":"https:\/\/schema.org","@graph":[{"@type":"WebPage","@id":"https:\/\/osinttraining.net\/fr\/guide-osint-gratuit\/","url":"https:\/\/osinttraining.net\/fr\/guide-osint-gratuit\/","name":"Guide OSINT gratuit - KeyNorth Group - Cours de renseignements de sources ouvertes","isPartOf":{"@id":"https:\/\/osinttraining.net\/#website"},"datePublished":"2023-05-18T16:02:12+00:00","dateModified":"2023-06-05T20:46:10+00:00","breadcrumb":{"@id":"https:\/\/osinttraining.net\/fr\/guide-osint-gratuit\/#breadcrumb"},"inLanguage":"fr-FR","potentialAction":[{"@type":"ReadAction","target":["https:\/\/osinttraining.net\/fr\/guide-osint-gratuit\/"]}]},{"@type":"BreadcrumbList","@id":"https:\/\/osinttraining.net\/fr\/guide-osint-gratuit\/#breadcrumb","itemListElement":[{"@type":"ListItem","position":1,"name":"Home","item":"https:\/\/osinttraining.net\/fr\/"},{"@type":"ListItem","position":2,"name":"Guide OSINT gratuit"}]},{"@type":"WebSite","@id":"https:\/\/osinttraining.net\/#website","url":"https:\/\/osinttraining.net\/","name":"KeyNorth Group - Cours de renseignements de sources ouvertes","description":"Optimisez votre \u00e9quipe et d\u00e9veloppez votre carri\u00e8re.","publisher":{"@id":"https:\/\/osinttraining.net\/#organization"},"potentialAction":[{"@type":"SearchAction","target":{"@type":"EntryPoint","urlTemplate":"https:\/\/osinttraining.net\/?s={search_term_string}"},"query-input":{"@type":"PropertyValueSpecification","valueRequired":true,"valueName":"search_term_string"}}],"inLanguage":"fr-FR"},{"@type":"Organization","@id":"https:\/\/osinttraining.net\/#organization","name":"KeyNorth Group - Cours de renseignements de sources ouvertes","url":"https:\/\/osinttraining.net\/","logo":{"@type":"ImageObject","inLanguage":"fr-FR","@id":"https:\/\/osinttraining.net\/#\/schema\/logo\/image\/","url":"https:\/\/osinttraining.net\/wp-content\/uploads\/2023\/05\/logo.png","contentUrl":"https:\/\/osinttraining.net\/wp-content\/uploads\/2023\/05\/logo.png","width":174,"height":38,"caption":"KeyNorth Group - Cours de renseignements de sources ouvertes"},"image":{"@id":"https:\/\/osinttraining.net\/#\/schema\/logo\/image\/"},"sameAs":["https:\/\/x.com\/Key_North","https:\/\/www.linkedin.com\/company\/keynorth-professional-services-group-inc-\/"]}]}},"_links":{"self":[{"href":"https:\/\/osinttraining.net\/fr\/wp-json\/wp\/v2\/pages\/1270","targetHints":{"allow":["GET"]}}],"collection":[{"href":"https:\/\/osinttraining.net\/fr\/wp-json\/wp\/v2\/pages"}],"about":[{"href":"https:\/\/osinttraining.net\/fr\/wp-json\/wp\/v2\/types\/page"}],"author":[{"embeddable":true,"href":"https:\/\/osinttraining.net\/fr\/wp-json\/wp\/v2\/users\/1"}],"replies":[{"embeddable":true,"href":"https:\/\/osinttraining.net\/fr\/wp-json\/wp\/v2\/comments?post=1270"}],"version-history":[{"count":3,"href":"https:\/\/osinttraining.net\/fr\/wp-json\/wp\/v2\/pages\/1270\/revisions"}],"predecessor-version":[{"id":1274,"href":"https:\/\/osinttraining.net\/fr\/wp-json\/wp\/v2\/pages\/1270\/revisions\/1274"}],"wp:attachment":[{"href":"https:\/\/osinttraining.net\/fr\/wp-json\/wp\/v2\/media?parent=1270"}],"curies":[{"name":"wp","href":"https:\/\/api.w.org\/{rel}","templated":true}]}}