{"id":1261,"date":"2023-05-18T12:28:58","date_gmt":"2023-05-18T16:28:58","guid":{"rendered":"https:\/\/kng-01.eproofs.ca\/politique-de-confidentialite\/"},"modified":"2023-06-20T11:56:45","modified_gmt":"2023-06-20T15:56:45","slug":"politique-de-confidentialite","status":"publish","type":"page","link":"https:\/\/osinttraining.net\/fr\/politique-de-confidentialite\/","title":{"rendered":"Politique de confidentialit\u00e9"},"content":{"rendered":"<h1 class=\"wp-block-heading\" id=\"politique-de-confidentialite\">Politique de confidentialit\u00e9<\/h1>\n\n\n<p>Notre politique de confidentialit\u00e9 a \u00e9t\u00e9 mise \u00e0 jour le 28 d\u00e9cembre 2019.&nbsp;<\/p>\n\n\n\n<p><strong>Introduction<\/strong><\/p>\n\n\n\n<p>Osinttraining.net et les sites web associ\u00e9s sont des propri\u00e9t\u00e9s de KeyNorth Professional Services Group Inc. (\u00ab\u00a0Le KeyNorth Group\u00a0\u00bb). Le KeyNorth Group est une soci\u00e9t\u00e9 d&rsquo;investigation, de formation et de conseil bas\u00e9e en Ontario, au Canada.<\/p>\n\n\n\n<p>Cette politique de confidentialit\u00e9 explique comment Le KeyNorth Group et ses filiales assurent la protection de vos informations personnelles en notre possession, ainsi que celles de nos employ\u00e9s et des autres personnes \u00e9num\u00e9r\u00e9es ci-dessous.<\/p>\n\n\n\n<p>Selon la Loi sur la protection des renseignements personnels et les documents \u00e9lectroniques, les renseignements personnels sont des informations concernant un individu identifiable, mais ils ne font pas r\u00e9f\u00e9rence au nom, au poste de travail, \u00e0 l&rsquo;adresse ou au num\u00e9ro de t\u00e9l\u00e9phone d&rsquo;un employ\u00e9 d&rsquo;une organisation. Des exceptions peuvent s&rsquo;appliquer et nous vous recommandons de consulter la Loi sur la protection des renseignements personnels et les documents \u00e9lectroniques ou le Commissariat \u00e0 la protection de la vie priv\u00e9e du Canada pour plus informations.<\/p>\n\n\n\n<p><strong>Responsabilit\u00e9 et contact<\/strong><\/p>\n\n\n\n<p>La personne responsable des questions li\u00e9es \u00e0 la protection de la vie priv\u00e9e au sein du KeyNorth Group est:<\/p>\n\n\n\n<p>Responsable de la confidentialit\u00e9<\/p>\n\n\n\n<p>KeyNorth Professional Services Group Inc.<br>117, rue Murray, bureau 302<br>Ottawa, ON K1N 5M5<br><a href=\"mailto:info@keynorthgroup.com\">info@keynorthgroup.com<br><\/a><a href=\"https:\/\/www.keynorthgroup.com\/?__hstc=107916125.8d69bd5b46b463c8b33277338744f14a.1668108133514.1670855206479.1670862461277.13&amp;__hssc=107916125.4.1670862461277&amp;__hsfp=2442824485\">www.keynorthgroup.com<\/a><\/p>\n\n\n\n<p><strong>Pourquoi nous recueillons des informations<\/strong><\/p>\n\n\n\n<p>Nous utilisons les informations personnelles pour quatre raisons:<\/p>\n\n\n\n<ol class=\"wp-block-list\">\n<li>Faciliter les enqu\u00eates sur les questions qui nous sont confi\u00e9es. Il peut \u00e9galement s&rsquo;agir de questions li\u00e9es \u00e0 des litiges, \u00e0 des accusations de violation d&rsquo;accords, \u00e0 des accusations de contravention \u00e0 la loi ou \u00e0 la r\u00e9glementation au Canada ou dans d&rsquo;autres juridictions.<\/li>\n\n\n\n<li>Pour fournir des services de formation.<\/li>\n\n\n\n<li>Pour fournir des services de consultation et de gestion des risques.<\/li>\n\n\n\n<li>Les questions administratives telles que la promotion de nos services, l&#8217;embauche d&#8217;employ\u00e9s, de consultants et de sous-traitants. Ainsi que pour l&rsquo;acceptation des clients, la collecte des paiements et la collaboration avec les fournisseurs et les prestataires de services.<\/li>\n<\/ol>\n\n\n\n<p><strong>Collecte d&rsquo;informations<\/strong><\/p>\n\n\n\n<p>Nous collectons des informations personnelles sur les individus par consentement explicite ou implicite, ainsi que des clients qui nous engagent lorsque nous estimons qu&rsquo;ils ont obtenu les informations par consentement explicite ou implicite, ou sans le consentement des individus dans la mesure o\u00f9 les informations sont collect\u00e9es en conformit\u00e9 avec l&rsquo;article 7 de la loi sur la protection des informations personnelles et les documents \u00e9lectroniques, S.C. 2000, c.5 (PIPEDA).<\/p>\n\n\n\n<p>Information we collect include may include:<\/p>\n\n\n\n<ul class=\"wp-block-list\">\n<li>Votre nom, votre poste, votre r\u00f4le, votre entreprise ou organisation, votre num\u00e9ro t\u00e9l\u00e9phone, votre courriel et l&rsquo;adresse postale que vous nous fournissez.<\/li>\n\n\n\n<li>Nous collectons des informations financi\u00e8res lorsque vous achetez nos services.<\/li>\n\n\n\n<li>Les informations que vous nous fournissez dans les formulaires, les enqu\u00eates, les outils d&rsquo;\u00e9valuation et lorsque vous nous contactez.<\/li>\n\n\n\n<li>Les informations que vous utilisez pour vous inscrire et participer \u00e0 nos cours et\/ou \u00e0 notre Communaut\u00e9 de praticiens en ligne. Nous utilisons des fournisseurs tiers pour h\u00e9berger ces plateformes et vous fournirez des informations \u00e0 ces fournisseurs dans le cadre de l&rsquo;utilisation de ces plateformes. Pour plus d&rsquo;informations, veuillez consulter https:\/\/www.accordlms.com\/ (le syst\u00e8me de gestion de l&rsquo;apprentissage) et https:\/\/circle.so\/ (Notre fournisseur communautaire).<\/li>\n\n\n\n<li>Les informations disponibles sur vous \u00e0 partir de sources publiques que nous obtenons dans le cadre de nos enqu\u00eates. Telles que les espaces publics, les r\u00e9seaux sociaux, les registres en ligne, l&rsquo;Internet, les m\u00e9dias et les dossiers gouvernementaux accessibles au public.<\/li>\n\n\n\n<li>Les informations que nous obtenons dans le cadre d&rsquo;une proc\u00e9dure d&rsquo;enqu\u00eate l\u00e9gale peuvent inclure la surveillance, les entrevues, communication\/divulgation (pr\u00e9alable) des pi\u00e8ces, les ordres d&rsquo;un tribunal, la fourniture volontaire d&rsquo;informations ou d&rsquo;autres moyens l\u00e9gaux.<\/li>\n\n\n\n<li>Les informations relatives \u00e0 votre pr\u00e9sence lors de votre visite \u00e0 nos bureaux, telles que votre image, votre nom et votre signature.<\/li>\n\n\n\n<li>Les informations fournies par nos clients afin que nous puissions mener des consultations et des gestion des risques.<\/li>\n\n\n\n<li>Les interactions que vous avez avec notre site web, telles que votre nom d&rsquo;utilisateur et votre mot de passe, toute information que vous t\u00e9l\u00e9chargez sur notre site web, en remplissant des formulaires, et les informations d&rsquo;inscription lorsque vous vous inscrivez \u00e0 un \u00e9v\u00e9nement ou notre formation.<\/li>\n<\/ul>\n\n\n\n<p>Nous utilisons \u00e9galement des cookies sur notre site web. Les cookies sont de petits \u00e9l\u00e9ments de script qui sont install\u00e9s sur votre navigateur lorsque vous visitez notre site.<\/p>\n\n\n\n<p>Si vous laissez un commentaire sur notre site web, vous acceptez que votre nom, votre courriel et votre site web soient sauvegard\u00e9s dans les cookies. Ces cookies sont destin\u00e9s \u00e0 vous faciliter la t\u00e2che, afin que vous n&rsquo;ayez pas \u00e0 fournir \u00e0 nouveau vos informations lorsque vous laissez un autre commentaire.<\/p>\n\n\n\n<p>Si vous avez un compte et que vous vous connectez \u00e0 ce site, nous placerons un cookie temporaire pour d\u00e9terminer si votre navigateur accepte les cookies. Ce cookie ne contient aucune information personnelle et est supprim\u00e9 lorsque vous fermez votre navigateur.<\/p>\n\n\n\n<p>Lorsque vous vous connectez, nous mettons \u00e9galement en place plusieurs cookies pour enregistrer vos identifiants de connexion et vos choix d&rsquo;affichage \u00e0 l&rsquo;\u00e9cran. Les cookies de connexion ont une dur\u00e9e de vie de deux jours et les cookies d&rsquo;options d&rsquo;\u00e9cran ont une dur\u00e9e de vie d&rsquo;un an. Si vous s\u00e9lectionnez l&rsquo;option \u00ab Se souvenir de moi \u00bb, votre connexion sera conserv\u00e9e pendant deux semaines. Si vous vous d\u00e9connectez de votre compte, les cookies de connexion seront supprim\u00e9s.<\/p>\n\n\n\n<p>Si vous modifiez ou publiez un article, un cookie suppl\u00e9mentaire sera enregistr\u00e9 dans votre navigateur. Ce cookie ne contient aucune information personnelle et indique simplement l&rsquo;identifiant de l&rsquo;article que vous venez de modifier. Il expire apr\u00e8s une journ\u00e9e.<\/p>\n\n\n\n<p>Nous effectuons \u00e9galement des analyses des visiteurs du site web gr\u00e2ce \u00e0 Google Analytics et aux services d&rsquo;analyse fournis par HubSpot, une plateforme de commercialisation et de gestion des relations avec les clients.<\/p>\n\n\n\n<p>Lorsque vous acc\u00e9dez \u00e0 ce site web, des informations sur votre visite, y compris les pages que vous visitez, votre r\u00e9seau et votre adresse IP, ainsi que des informations sur votre appareil (y compris des informations sur le navigateur, le t\u00e9l\u00e9phone et l&rsquo;ordinateur), la dur\u00e9e de votre visite et d&rsquo;autres informations sur votre visite sont suivies.<\/p>\n\n\n\n<p>Pour plus d&rsquo;informations sur les informations collect\u00e9es par Google Analytics, veuillez consulter:<a href=\"https:\/\/support.google.com\/analytics\/answer\/6004245?hl=en\">https:\/\/support.google.com\/analytics\/answer\/6004245?hl=en<\/a><\/p>\n\n\n\n<p>Pour plus d&rsquo;informations sur HubSpot, veuillez consulter: <a href=\"https:\/\/legal.hubspot.com\/privacy-policy\">https:\/\/legal.hubspot.com\/privacy-policy<\/a><\/p>\n\n\n\n<p>Pour plus d&rsquo;informations sur la politique de confidentialit\u00e9 de SurveyMonkey, veuillez consulter: <a href=\"https:\/\/www.surveymonkey.com\/mp\/legal\/privacy\/\">https:\/\/www.surveymonkey.com\/mp\/legal\/privacy\/<\/a><\/p>\n\n\n\n<p>Veuillez noter que les articles ou autres contenus peuvent inclure du contenu int\u00e9gr\u00e9 (par exemple, des vid\u00e9os, des images, des articles, etc.). Le contenu int\u00e9gr\u00e9 provenant d&rsquo;autres sites web se comporte exactement de la m\u00eame mani\u00e8re que si le visiteur s&rsquo;\u00e9tait rendu sur leur site web. Ces sites peuvent collecter des informations sur vous, utiliser des cookies, int\u00e9grer un tra\u00e7age tiers et surveiller votre interaction avec le contenu int\u00e9gr\u00e9, y compris tracer votre interaction avec le contenu int\u00e9gr\u00e9 si vous avez un compte et que vous \u00eates connect\u00e9 \u00e0 ce site web.<\/p>\n\n\n\n<ul class=\"wp-block-list\">\n<li>Les interactions que vous avez avec les r\u00e9seaux sociaux que nous utilisons.<\/li>\n\n\n\n<li>Les informations collect\u00e9es par le biais de nos infolettres, telles que votre nom, votre courriel, les taux de clics et le r\u00e9seau sur lequel vous vous \u00eates inscrit.<\/li>\n\n\n\n<li>Les informations anonymes obtenues par les sondages.<\/li>\n\n\n\n<li>Les informations que vous nous fournissez pour que nous puissions fournir votre formation.<\/li>\n<\/ul>\n\n\n\n<p>Nous nous conformons \u00e0 la Loi canadienne anti-pourriel. Tous les abonn\u00e9s \u00e0 l\u2019infolettre y consentent et peuvent d\u00e9sabonner \u00e0 tout moment. Si vous ne savez pas comment vous d\u00e9sabonner de notre infolettre et que vous souhaitez le faire, veuillez nous contacter et nous vous supprimerons de notre liste.<\/p>\n\n\n\n<p><strong>Limitation de la divulgation et de la conservation<\/strong><\/p>\n\n\n\n<p>Nous ne divulguerons ni ne conserverons les informations personnelles que nous recueillons \u00e0 d&rsquo;autres fins que celles pour lesquelles elles ont \u00e9t\u00e9 recueillies, sauf avec le consentement de la personne concern\u00e9e ou si la loi l&rsquo;exige.<\/p>\n\n\n\n<p>Voici quelques exemples de cas o\u00f9 nous pouvons divulguer des informations \u00e0 des tiers:<\/p>\n\n\n\n<ul class=\"wp-block-list\">\n<li>Agences gouvernementales, organismes de r\u00e9glementation ou autres personnes ayant l&rsquo;autorit\u00e9 l\u00e9gale de nous demander de les fournir.<\/li>\n\n\n\n<li>Les entreprises affili\u00e9es \u00e0 notre entreprise.<\/li>\n\n\n\n<li>Les clients qui ont fourni des informations \u00e0 votre sujet ou au nom de qui nous avons \u00e9t\u00e9 retenus pour mener une enqu\u00eate, un gestion des risques, une consultation ou une formation;<\/li>\n\n\n\n<li>Les services tiers qui nous fournissent des produits ou des services, comme les conseillers, les fournisseurs et les fournisseurs d&rsquo;acc\u00e8s \u00e0 Internet. Ces informations ne seront utilis\u00e9es que dans la mesure o\u00f9 elles sont n\u00e9cessaires pour leur permettre de nous fournir des services<\/li>\n\n\n\n<li>Lorsqu&rsquo;il est n\u00e9cessaire de recevoir un paiement;<\/li>\n\n\n\n<li>Avec votre consentemen;<\/li>\n\n\n\n<li>Lorsque la loi l&rsquo;autorise.<\/li>\n<\/ul>\n\n\n\n<p>Nous supprimerons les informations personnelles en notre possession d\u00e8s qu&rsquo;elles ne seront plus n\u00e9cessaires pour atteindre l&rsquo;objectif pour lequel elles ont \u00e9t\u00e9 collect\u00e9es. Veuillez noter que les r\u00e8gles de conservation des informations de la Loi sur les services de s\u00e9curit\u00e9 priv\u00e9e et d&rsquo;enqu\u00eate de l&rsquo;Ontario et d&rsquo;autres lois applicables s&rsquo;appliquent.<\/p>\n\n\n\n<p><strong>Actualit\u00e9 de l&rsquo;information<\/strong><\/p>\n\n\n\n<p>Nous nous assurons que toutes les informations personnelles que nous recueillons, utilisons et divulguons sont \u00e0 jour, compl\u00e8tes et exactes au mieux de nos capacit\u00e9s. Si vous avez modifi\u00e9 vos informations personnelles, veuillez nous aviser afin que nous puissions apporter les modifications appropri\u00e9es.<\/p>\n\n\n\n<p><strong>Mesures de protection<\/strong><\/p>\n\n\n\n<p>Nous assurerons que les informations personnelles sont conserv\u00e9es et transmises en toute s\u00e9curit\u00e9, que ce soit sous forme \u00e9lectronique ou physique. Voir ci-dessus les politiques des fournisseurs de services et des plateformes que nous utilisons.<\/p>\n\n\n\n<p><strong>Transparence<\/strong><\/p>\n\n\n\n<p>Nous transmettons une copie physique ou \u00e9lectronique de la politique de confidentialit\u00e9 \u00e0 tous ceux qui en feront la demande. Les demandes peuvent \u00eatre faites par t\u00e9l\u00e9phone, par la poste ou par courriel.<\/p>\n\n\n\n<p><strong>Acc\u00e8s individuel<\/strong><\/p>\n\n\n\n<p>Conform\u00e9ment au paragraphe 9(3)(a)(c.1)(d) de la LPRPDE, si la divulgation ne va pas \u00e0 l&rsquo;encontre des objectifs pour lesquels les informations ont \u00e9t\u00e9 collect\u00e9es, si les informations sont soumises \u00e0 un privil\u00e8ge l\u00e9gal ou si les informations ont \u00e9t\u00e9 g\u00e9n\u00e9r\u00e9es dans le cadre d&rsquo;une proc\u00e9dure formelle de r\u00e9solution des litiges, nous vous communiquerons les informations personnelles que nous d\u00e9tenons \u00e0 votre sujet, l&rsquo;usage qui en est fait et les personnes \u00e0 qui ces informations ont \u00e9t\u00e9 divulgu\u00e9es.<\/p>\n\n\n\n<p>Si nous refusons votre demande d&rsquo;acc\u00e8s \u00e0 l&rsquo;information, nous vous fournirons une explication \u00e9crite des raisons de ce refus. Si vous n&rsquo;\u00eates pas satisfait de notre d\u00e9cision de refuser la divulgation, vous pouvez faire appel au Commissariat \u00e0 la protection de la vie priv\u00e9e du Canada, au minist\u00e8re du Solliciteur g\u00e9n\u00e9ral de l&rsquo;Ontario ou \u00e0 d&rsquo;autres organismes de r\u00e9glementation.<\/p>\n","protected":false},"excerpt":{"rendered":"<p>Politique de confidentialit\u00e9 Notre politique de confidentialit\u00e9 a \u00e9t\u00e9 mise \u00e0 jour le 28 d\u00e9cembre 2019.&nbsp; Introduction Osinttraining.net et les sites web associ\u00e9s sont des propri\u00e9t\u00e9s de KeyNorth Professional Services Group Inc. (\u00ab\u00a0Le KeyNorth Group\u00a0\u00bb). Le KeyNorth Group est une soci\u00e9t\u00e9 d&rsquo;investigation, de formation et de conseil bas\u00e9e en Ontario, au Canada. Cette politique de [&hellip;]<\/p>\n","protected":false},"author":1,"featured_media":0,"parent":0,"menu_order":0,"comment_status":"closed","ping_status":"closed","template":"","meta":{"_acf_changed":false,"content-type":"","inline_featured_image":false,"footnotes":""},"class_list":["post-1261","page","type-page","status-publish","hentry"],"acf":[],"yoast_head":"<!-- This site is optimized with the Yoast SEO plugin v27.0 - https:\/\/yoast.com\/product\/yoast-seo-wordpress\/ -->\n<title>Politique de confidentialit\u00e9 - KeyNorth Group - Cours de renseignements de sources ouvertes<\/title>\n<meta name=\"description\" content=\"Cette page contient la politique de confidentialit\u00e9 de notre entreprise.\" \/>\n<meta name=\"robots\" content=\"index, follow, max-snippet:-1, max-image-preview:large, max-video-preview:-1\" \/>\n<link rel=\"canonical\" href=\"https:\/\/osinttraining.net\/fr\/politique-de-confidentialite\/\" \/>\n<meta property=\"og:locale\" content=\"fr_FR\" \/>\n<meta property=\"og:type\" content=\"article\" \/>\n<meta property=\"og:title\" content=\"Politique de confidentialit\u00e9 - KeyNorth Group - Cours de renseignements de sources ouvertes\" \/>\n<meta property=\"og:description\" content=\"Cette page contient la politique de confidentialit\u00e9 de notre entreprise.\" \/>\n<meta property=\"og:url\" content=\"https:\/\/osinttraining.net\/fr\/politique-de-confidentialite\/\" \/>\n<meta property=\"og:site_name\" content=\"KeyNorth Group - Cours de renseignements de sources ouvertes\" \/>\n<meta property=\"article:modified_time\" content=\"2023-06-20T15:56:45+00:00\" \/>\n<meta name=\"twitter:card\" content=\"summary_large_image\" \/>\n<meta name=\"twitter:site\" content=\"@Key_North\" \/>\n<meta name=\"twitter:label1\" content=\"Dur\u00e9e de lecture estim\u00e9e\" \/>\n\t<meta name=\"twitter:data1\" content=\"8 minutes\" \/>\n<script type=\"application\/ld+json\" class=\"yoast-schema-graph\">{\"@context\":\"https:\/\/schema.org\",\"@graph\":[{\"@type\":\"WebPage\",\"@id\":\"https:\/\/osinttraining.net\/fr\/politique-de-confidentialite\/\",\"url\":\"https:\/\/osinttraining.net\/fr\/politique-de-confidentialite\/\",\"name\":\"Politique de confidentialit\u00e9 - KeyNorth Group - Cours de renseignements de sources ouvertes\",\"isPartOf\":{\"@id\":\"https:\/\/osinttraining.net\/#website\"},\"datePublished\":\"2023-05-18T16:28:58+00:00\",\"dateModified\":\"2023-06-20T15:56:45+00:00\",\"description\":\"Cette page contient la politique de confidentialit\u00e9 de notre entreprise.\",\"breadcrumb\":{\"@id\":\"https:\/\/osinttraining.net\/fr\/politique-de-confidentialite\/#breadcrumb\"},\"inLanguage\":\"fr-FR\",\"potentialAction\":[{\"@type\":\"ReadAction\",\"target\":[\"https:\/\/osinttraining.net\/fr\/politique-de-confidentialite\/\"]}]},{\"@type\":\"BreadcrumbList\",\"@id\":\"https:\/\/osinttraining.net\/fr\/politique-de-confidentialite\/#breadcrumb\",\"itemListElement\":[{\"@type\":\"ListItem\",\"position\":1,\"name\":\"Home\",\"item\":\"https:\/\/osinttraining.net\/fr\/\"},{\"@type\":\"ListItem\",\"position\":2,\"name\":\"Politique de confidentialit\u00e9\"}]},{\"@type\":\"WebSite\",\"@id\":\"https:\/\/osinttraining.net\/#website\",\"url\":\"https:\/\/osinttraining.net\/\",\"name\":\"KeyNorth Group - Cours de renseignements de sources ouvertes\",\"description\":\"Optimisez votre \u00e9quipe et d\u00e9veloppez votre carri\u00e8re.\",\"publisher\":{\"@id\":\"https:\/\/osinttraining.net\/#organization\"},\"potentialAction\":[{\"@type\":\"SearchAction\",\"target\":{\"@type\":\"EntryPoint\",\"urlTemplate\":\"https:\/\/osinttraining.net\/?s={search_term_string}\"},\"query-input\":{\"@type\":\"PropertyValueSpecification\",\"valueRequired\":true,\"valueName\":\"search_term_string\"}}],\"inLanguage\":\"fr-FR\"},{\"@type\":\"Organization\",\"@id\":\"https:\/\/osinttraining.net\/#organization\",\"name\":\"KeyNorth Group - Cours de renseignements de sources ouvertes\",\"url\":\"https:\/\/osinttraining.net\/\",\"logo\":{\"@type\":\"ImageObject\",\"inLanguage\":\"fr-FR\",\"@id\":\"https:\/\/osinttraining.net\/#\/schema\/logo\/image\/\",\"url\":\"https:\/\/osinttraining.net\/wp-content\/uploads\/2023\/05\/logo.png\",\"contentUrl\":\"https:\/\/osinttraining.net\/wp-content\/uploads\/2023\/05\/logo.png\",\"width\":174,\"height\":38,\"caption\":\"KeyNorth Group - Cours de renseignements de sources ouvertes\"},\"image\":{\"@id\":\"https:\/\/osinttraining.net\/#\/schema\/logo\/image\/\"},\"sameAs\":[\"https:\/\/x.com\/Key_North\",\"https:\/\/www.linkedin.com\/company\/keynorth-professional-services-group-inc-\/\"]}]}<\/script>\n<!-- \/ Yoast SEO plugin. -->","yoast_head_json":{"title":"Politique de confidentialit\u00e9 - KeyNorth Group - Cours de renseignements de sources ouvertes","description":"Cette page contient la politique de confidentialit\u00e9 de notre entreprise.","robots":{"index":"index","follow":"follow","max-snippet":"max-snippet:-1","max-image-preview":"max-image-preview:large","max-video-preview":"max-video-preview:-1"},"canonical":"https:\/\/osinttraining.net\/fr\/politique-de-confidentialite\/","og_locale":"fr_FR","og_type":"article","og_title":"Politique de confidentialit\u00e9 - KeyNorth Group - Cours de renseignements de sources ouvertes","og_description":"Cette page contient la politique de confidentialit\u00e9 de notre entreprise.","og_url":"https:\/\/osinttraining.net\/fr\/politique-de-confidentialite\/","og_site_name":"KeyNorth Group - Cours de renseignements de sources ouvertes","article_modified_time":"2023-06-20T15:56:45+00:00","twitter_card":"summary_large_image","twitter_site":"@Key_North","twitter_misc":{"Dur\u00e9e de lecture estim\u00e9e":"8 minutes"},"schema":{"@context":"https:\/\/schema.org","@graph":[{"@type":"WebPage","@id":"https:\/\/osinttraining.net\/fr\/politique-de-confidentialite\/","url":"https:\/\/osinttraining.net\/fr\/politique-de-confidentialite\/","name":"Politique de confidentialit\u00e9 - KeyNorth Group - Cours de renseignements de sources ouvertes","isPartOf":{"@id":"https:\/\/osinttraining.net\/#website"},"datePublished":"2023-05-18T16:28:58+00:00","dateModified":"2023-06-20T15:56:45+00:00","description":"Cette page contient la politique de confidentialit\u00e9 de notre entreprise.","breadcrumb":{"@id":"https:\/\/osinttraining.net\/fr\/politique-de-confidentialite\/#breadcrumb"},"inLanguage":"fr-FR","potentialAction":[{"@type":"ReadAction","target":["https:\/\/osinttraining.net\/fr\/politique-de-confidentialite\/"]}]},{"@type":"BreadcrumbList","@id":"https:\/\/osinttraining.net\/fr\/politique-de-confidentialite\/#breadcrumb","itemListElement":[{"@type":"ListItem","position":1,"name":"Home","item":"https:\/\/osinttraining.net\/fr\/"},{"@type":"ListItem","position":2,"name":"Politique de confidentialit\u00e9"}]},{"@type":"WebSite","@id":"https:\/\/osinttraining.net\/#website","url":"https:\/\/osinttraining.net\/","name":"KeyNorth Group - Cours de renseignements de sources ouvertes","description":"Optimisez votre \u00e9quipe et d\u00e9veloppez votre carri\u00e8re.","publisher":{"@id":"https:\/\/osinttraining.net\/#organization"},"potentialAction":[{"@type":"SearchAction","target":{"@type":"EntryPoint","urlTemplate":"https:\/\/osinttraining.net\/?s={search_term_string}"},"query-input":{"@type":"PropertyValueSpecification","valueRequired":true,"valueName":"search_term_string"}}],"inLanguage":"fr-FR"},{"@type":"Organization","@id":"https:\/\/osinttraining.net\/#organization","name":"KeyNorth Group - Cours de renseignements de sources ouvertes","url":"https:\/\/osinttraining.net\/","logo":{"@type":"ImageObject","inLanguage":"fr-FR","@id":"https:\/\/osinttraining.net\/#\/schema\/logo\/image\/","url":"https:\/\/osinttraining.net\/wp-content\/uploads\/2023\/05\/logo.png","contentUrl":"https:\/\/osinttraining.net\/wp-content\/uploads\/2023\/05\/logo.png","width":174,"height":38,"caption":"KeyNorth Group - Cours de renseignements de sources ouvertes"},"image":{"@id":"https:\/\/osinttraining.net\/#\/schema\/logo\/image\/"},"sameAs":["https:\/\/x.com\/Key_North","https:\/\/www.linkedin.com\/company\/keynorth-professional-services-group-inc-\/"]}]}},"_links":{"self":[{"href":"https:\/\/osinttraining.net\/fr\/wp-json\/wp\/v2\/pages\/1261","targetHints":{"allow":["GET"]}}],"collection":[{"href":"https:\/\/osinttraining.net\/fr\/wp-json\/wp\/v2\/pages"}],"about":[{"href":"https:\/\/osinttraining.net\/fr\/wp-json\/wp\/v2\/types\/page"}],"author":[{"embeddable":true,"href":"https:\/\/osinttraining.net\/fr\/wp-json\/wp\/v2\/users\/1"}],"replies":[{"embeddable":true,"href":"https:\/\/osinttraining.net\/fr\/wp-json\/wp\/v2\/comments?post=1261"}],"version-history":[{"count":3,"href":"https:\/\/osinttraining.net\/fr\/wp-json\/wp\/v2\/pages\/1261\/revisions"}],"predecessor-version":[{"id":1429,"href":"https:\/\/osinttraining.net\/fr\/wp-json\/wp\/v2\/pages\/1261\/revisions\/1429"}],"wp:attachment":[{"href":"https:\/\/osinttraining.net\/fr\/wp-json\/wp\/v2\/media?parent=1261"}],"curies":[{"name":"wp","href":"https:\/\/api.w.org\/{rel}","templated":true}]}}